{"id":4408,"date":"2026-02-18T17:27:38","date_gmt":"2026-02-18T17:27:38","guid":{"rendered":"https:\/\/leboncall.com\/?page_id=4408"},"modified":"2026-02-20T11:45:33","modified_gmt":"2026-02-20T11:45:33","slug":"home","status":"publish","type":"page","link":"https:\/\/leboncall.com\/en\/","title":{"rendered":"(Fran\u00e7ais) Home"},"content":{"rendered":"","protected":false},"excerpt":{"rendered":"","protected":false},"author":1,"featured_media":0,"parent":0,"menu_order":0,"comment_status":"closed","ping_status":"closed","template":"page-fullwidth-lp.php","meta":{"_et_pb_use_builder":"on","_et_pb_old_content":"","_et_gb_content_width":""},"yoast_head":"<!-- This site is optimized with the Yoast SEO plugin v19.8 - https:\/\/yoast.com\/wordpress\/plugins\/seo\/ -->\n<title>(Fran\u00e7ais) Leboncall \u2013 Call, Lead &amp; Marketing Strategy<\/title>\n<meta name=\"description\" content=\"(Fran\u00e7ais) De la g\u00e9n\u00e9ration de leads \u00e0 la conversion t\u00e9l\u00e9phonique, nous orchestrons chaque \u00e9tape du parcours client.Une approche strat\u00e9gique \u201cLead to Deal\u201d pour transformer votre acquisition en croissance mesurable.\" \/>\n<meta name=\"robots\" content=\"index, follow, max-snippet:-1, max-image-preview:large, max-video-preview:-1\" \/>\n<link rel=\"canonical\" href=\"https:\/\/leboncall.com\/\" \/>\n<meta property=\"og:locale\" content=\"en_US\" \/>\n<meta property=\"og:type\" content=\"article\" \/>\n<meta property=\"og:title\" content=\"[:fr]Leboncall \u2013 Call, Lead &amp; Marketing Strategy[:]\" \/>\n<meta property=\"og:description\" content=\"{:fr}De la g\u00e9n\u00e9ration de leads \u00e0 la conversion t\u00e9l\u00e9phonique, nous orchestrons chaque \u00e9tape du parcours client.Une approche strat\u00e9gique \u201cLead to Deal\u201d pour transformer votre acquisition en croissance mesurable.{:}\" \/>\n<meta property=\"og:url\" content=\"https:\/\/leboncall.com\/\" \/>\n<meta property=\"og:site_name\" content=\"Le Bon Call\" \/>\n<meta property=\"article:publisher\" content=\"https:\/\/www.facebook.com\/CALL-United-1574215429547409\/\" \/>\n<meta property=\"article:modified_time\" content=\"2026-02-20T11:45:33+00:00\" \/>\n<meta name=\"twitter:card\" content=\"summary_large_image\" \/>\n<script type=\"application\/ld+json\" class=\"yoast-schema-graph\">{\"@context\":\"https:\/\/schema.org\",\"@graph\":[{\"@type\":\"WebPage\",\"@id\":\"https:\/\/leboncall.com\/\",\"url\":\"https:\/\/leboncall.com\/\",\"name\":\"[:fr]Leboncall \u2013 Call, Lead & Marketing Strategy[:]\",\"isPartOf\":{\"@id\":\"https:\/\/leboncall.com\/#website\"},\"datePublished\":\"2026-02-18T17:27:38+00:00\",\"dateModified\":\"2026-02-20T11:45:33+00:00\",\"description\":\"{:fr}De la g\u00e9n\u00e9ration de leads \u00e0 la conversion t\u00e9l\u00e9phonique, nous orchestrons chaque \u00e9tape du parcours client.Une approche strat\u00e9gique \u201cLead to Deal\u201d pour transformer votre acquisition en croissance mesurable.{:}\",\"breadcrumb\":{\"@id\":\"https:\/\/leboncall.com\/#breadcrumb\"},\"inLanguage\":\"en-US\",\"potentialAction\":[{\"@type\":\"ReadAction\",\"target\":[\"https:\/\/leboncall.com\/\"]}]},{\"@type\":\"BreadcrumbList\",\"@id\":\"https:\/\/leboncall.com\/#breadcrumb\",\"itemListElement\":[{\"@type\":\"ListItem\",\"position\":1,\"name\":\"Accueil\",\"item\":\"https:\/\/leboncall.com\/\"},{\"@type\":\"ListItem\",\"position\":2,\"name\":\"Home\"}]},{\"@type\":\"WebSite\",\"@id\":\"https:\/\/leboncall.com\/#website\",\"url\":\"https:\/\/leboncall.com\/\",\"name\":\"Le Bon Call\",\"description\":\"\",\"publisher\":{\"@id\":\"https:\/\/leboncall.com\/#organization\"},\"potentialAction\":[{\"@type\":\"SearchAction\",\"target\":{\"@type\":\"EntryPoint\",\"urlTemplate\":\"https:\/\/leboncall.com\/?s={search_term_string}\"},\"query-input\":\"required name=search_term_string\"}],\"inLanguage\":\"en-US\"},{\"@type\":\"Organization\",\"@id\":\"https:\/\/leboncall.com\/#organization\",\"name\":\"Call united - call center francophone\",\"url\":\"https:\/\/leboncall.com\/\",\"sameAs\":[\"https:\/\/www.youtube.com\/channel\/UCk3KAkBcDVdoDa6AhTtnkpw\",\"https:\/\/www.facebook.com\/CALL-United-1574215429547409\/\"],\"logo\":{\"@type\":\"ImageObject\",\"inLanguage\":\"en-US\",\"@id\":\"https:\/\/leboncall.com\/#\/schema\/logo\/image\/\",\"url\":\"https:\/\/leboncall.com\/wp-content\/uploads\/2016\/08\/image1.jpg\",\"contentUrl\":\"https:\/\/leboncall.com\/wp-content\/uploads\/2016\/08\/image1.jpg\",\"width\":1600,\"height\":600,\"caption\":\"Call united - call center francophone\"},\"image\":{\"@id\":\"https:\/\/leboncall.com\/#\/schema\/logo\/image\/\"}}]}<\/script>\n<!-- \/ Yoast SEO plugin. -->","yoast_head_json":{"title":"(Fran\u00e7ais) Leboncall \u2013 Call, Lead & Marketing Strategy","description":"(Fran\u00e7ais) De la g\u00e9n\u00e9ration de leads \u00e0 la conversion t\u00e9l\u00e9phonique, nous orchestrons chaque \u00e9tape du parcours client.Une approche strat\u00e9gique \u201cLead to Deal\u201d pour transformer votre acquisition en croissance mesurable.","robots":{"index":"index","follow":"follow","max-snippet":"max-snippet:-1","max-image-preview":"max-image-preview:large","max-video-preview":"max-video-preview:-1"},"canonical":"https:\/\/leboncall.com\/","og_locale":"en_US","og_type":"article","og_title":"[:fr]Leboncall \u2013 Call, Lead & Marketing Strategy[:]","og_description":"{:fr}De la g\u00e9n\u00e9ration de leads \u00e0 la conversion t\u00e9l\u00e9phonique, nous orchestrons chaque \u00e9tape du parcours client.Une approche strat\u00e9gique \u201cLead to Deal\u201d pour transformer votre acquisition en croissance mesurable.{:}","og_url":"https:\/\/leboncall.com\/","og_site_name":"Le Bon Call","article_publisher":"https:\/\/www.facebook.com\/CALL-United-1574215429547409\/","article_modified_time":"2026-02-20T11:45:33+00:00","twitter_card":"summary_large_image","schema":{"@context":"https:\/\/schema.org","@graph":[{"@type":"WebPage","@id":"https:\/\/leboncall.com\/","url":"https:\/\/leboncall.com\/","name":"[:fr]Leboncall \u2013 Call, Lead & Marketing Strategy[:]","isPartOf":{"@id":"https:\/\/leboncall.com\/#website"},"datePublished":"2026-02-18T17:27:38+00:00","dateModified":"2026-02-20T11:45:33+00:00","description":"{:fr}De la g\u00e9n\u00e9ration de leads \u00e0 la conversion t\u00e9l\u00e9phonique, nous orchestrons chaque \u00e9tape du parcours client.Une approche strat\u00e9gique \u201cLead to Deal\u201d pour transformer votre acquisition en croissance mesurable.{:}","breadcrumb":{"@id":"https:\/\/leboncall.com\/#breadcrumb"},"inLanguage":"en-US","potentialAction":[{"@type":"ReadAction","target":["https:\/\/leboncall.com\/"]}]},{"@type":"BreadcrumbList","@id":"https:\/\/leboncall.com\/#breadcrumb","itemListElement":[{"@type":"ListItem","position":1,"name":"Accueil","item":"https:\/\/leboncall.com\/"},{"@type":"ListItem","position":2,"name":"Home"}]},{"@type":"WebSite","@id":"https:\/\/leboncall.com\/#website","url":"https:\/\/leboncall.com\/","name":"Le Bon Call","description":"","publisher":{"@id":"https:\/\/leboncall.com\/#organization"},"potentialAction":[{"@type":"SearchAction","target":{"@type":"EntryPoint","urlTemplate":"https:\/\/leboncall.com\/?s={search_term_string}"},"query-input":"required name=search_term_string"}],"inLanguage":"en-US"},{"@type":"Organization","@id":"https:\/\/leboncall.com\/#organization","name":"Call united - call center francophone","url":"https:\/\/leboncall.com\/","sameAs":["https:\/\/www.youtube.com\/channel\/UCk3KAkBcDVdoDa6AhTtnkpw","https:\/\/www.facebook.com\/CALL-United-1574215429547409\/"],"logo":{"@type":"ImageObject","inLanguage":"en-US","@id":"https:\/\/leboncall.com\/#\/schema\/logo\/image\/","url":"https:\/\/leboncall.com\/wp-content\/uploads\/2016\/08\/image1.jpg","contentUrl":"https:\/\/leboncall.com\/wp-content\/uploads\/2016\/08\/image1.jpg","width":1600,"height":600,"caption":"Call united - call center francophone"},"image":{"@id":"https:\/\/leboncall.com\/#\/schema\/logo\/image\/"}}]}},"_links":{"self":[{"href":"https:\/\/leboncall.com\/en\/wp-json\/wp\/v2\/pages\/4408"}],"collection":[{"href":"https:\/\/leboncall.com\/en\/wp-json\/wp\/v2\/pages"}],"about":[{"href":"https:\/\/leboncall.com\/en\/wp-json\/wp\/v2\/types\/page"}],"author":[{"embeddable":true,"href":"https:\/\/leboncall.com\/en\/wp-json\/wp\/v2\/users\/1"}],"replies":[{"embeddable":true,"href":"https:\/\/leboncall.com\/en\/wp-json\/wp\/v2\/comments?post=4408"}],"version-history":[{"count":2,"href":"https:\/\/leboncall.com\/en\/wp-json\/wp\/v2\/pages\/4408\/revisions"}],"predecessor-version":[{"id":4410,"href":"https:\/\/leboncall.com\/en\/wp-json\/wp\/v2\/pages\/4408\/revisions\/4410"}],"wp:attachment":[{"href":"https:\/\/leboncall.com\/en\/wp-json\/wp\/v2\/media?parent=4408"}],"curies":[{"name":"wp","href":"https:\/\/api.w.org\/{rel}","templated":true}]}}