{"id":38,"date":"2016-08-03T12:57:09","date_gmt":"2016-08-03T12:57:09","guid":{"rendered":"http:\/\/leboncall.com\/?page_id=38"},"modified":"2017-07-27T12:19:58","modified_gmt":"2017-07-27T12:19:58","slug":"call-center-call-united","status":"publish","type":"page","link":"https:\/\/leboncall.com\/en\/call-center-call-united","title":{"rendered":"call center call united"},"content":{"rendered":"<p>[et_pb_section admin_label=&#8221;section&#8221; fullwidth=&#8221;off&#8221; specialty=&#8221;on&#8221;][et_pb_column type=&#8221;3_4&#8243; specialty_columns=&#8221;3&#8243;][et_pb_row_inner admin_label=&#8221;Ligne&#8221; custom_padding=&#8221;5px|5px|5px|5px&#8221; padding_mobile=&#8221;off&#8221; use_custom_gutter=&#8221;off&#8221; column_padding_mobile=&#8221;on&#8221; make_equal=&#8221;off&#8221; parallax_1=&#8221;off&#8221; parallax_method_1=&#8221;off&#8221; background_color_1=&#8221;#e2e2e2&#8243; custom_margin=&#8221;5px|5px|5px|5px&#8221; padding_top_1=&#8221;5px&#8221; padding_right_1=&#8221;5px&#8221; padding_bottom_1=&#8221;5px&#8221; padding_left_1=&#8221;5px&#8221;][et_pb_column_inner type=&#8221;4_4&#8243; saved_specialty_column_type=&#8221;3_4&#8243;][et_pb_text admin_label=&#8221;Texte&#8221; background_layout=&#8221;light&#8221; text_orientation=&#8221;left&#8221; use_border_color=&#8221;off&#8221; border_color=&#8221;#ffffff&#8221; border_style=&#8221;solid&#8221; module_class=&#8221;accroche&#8221; custom_css_main_element=&#8221;font-size: 18px;||line-height: 35px;&#8221;]<\/p>\n<p style=\"text-align: left;\"><em>Call Center : parce qu&#8217;il en existe des milliers , leboncall vous facilite la tache et a regroup\u00e9&nbsp;autour de <a href=\"http:\/\/www.call-united.com\">Call united&nbsp;<\/a>&nbsp;<\/em><em>les acteurs les plus performants du march\u00e9 francophone et anglophone.&nbsp;<\/em><\/p>\n<p style=\"text-align: left;\"><em>Le bon call , c&#8217;est un seul interlocuteur pour \u00e9couter , comprendre et r\u00e9pondre&nbsp;\u00e0 vos besoins .<\/em><\/p>\n<p style=\"text-align: left;\"><em>Alors ne perdez pas plus de temps et remplissez en ligne le <a href=\"https:\/\/leboncall.com\/demande-de-devis\">formulaire de contact<\/a> qui nous permettra de mieux vous&nbsp;connaitre .<\/em><\/p>\n<p style=\"text-align: left;\"><em>A bient\u00f4t&nbsp;sur leboncall.com<\/em><\/p>\n<p style=\"text-align: left;\">Harold S<\/p>\n<p><iframe loading=\"lazy\" width=\"1080\" height=\"608\" src=\"https:\/\/www.youtube.com\/embed\/__ZocHoqCG0?feature=oembed\" frameborder=\"0\" allowfullscreen><\/iframe><\/p>\n<p>&nbsp;<\/p>\n<p>[\/et_pb_text][\/et_pb_column_inner][\/et_pb_row_inner][et_pb_row_inner admin_label=&#8221;row_inner&#8221;][et_pb_column_inner type=&#8221;4_4&#8243; saved_specialty_column_type=&#8221;3_4&#8243;][et_pb_blog admin_label=&#8221;Blog&#8221; fullwidth=&#8221;off&#8221; posts_number=&#8221;6&#8243; show_thumbnail=&#8221;on&#8221; show_content=&#8221;off&#8221; show_more=&#8221;on&#8221; show_author=&#8221;on&#8221; show_date=&#8221;on&#8221; show_categories=&#8221;on&#8221; show_comments=&#8221;on&#8221; show_pagination=&#8221;on&#8221; offset_number=&#8221;0&#8243; use_overlay=&#8221;off&#8221; background_layout=&#8221;light&#8221; use_dropshadow=&#8221;off&#8221; use_border_color=&#8221;on&#8221; border_color=&#8221;#666666&#8243; border_style=&#8221;solid&#8221; masonry_tile_background_color=&#8221;#f7f7f7&#8243; body_text_color=&#8221;#333333&#8243; header_text_color=&#8221;#333333&#8243; include_categories=&#8221;10&#8243;]<\/p>\n<p>[\/et_pb_blog][et_pb_signup admin_label=&#8221;email Optin&#8221; provider=&#8221;mailchimp&#8221; mailchimp_list=&#8221;eb51cf2fdc&#8221; aweber_list=&#8221;none&#8221; use_background_color=&#8221;on&#8221; background_color=&#8221;#fa3d07&#8243; background_layout=&#8221;dark&#8221; text_orientation=&#8221;left&#8221; use_focus_border_color=&#8221;off&#8221; use_border_color=&#8221;off&#8221; border_color=&#8221;#ffffff&#8221; border_style=&#8221;solid&#8221; custom_button=&#8221;off&#8221; button_letter_spacing=&#8221;0&#8243; button_use_icon=&#8221;default&#8221; button_icon_placement=&#8221;right&#8221; button_on_hover=&#8221;on&#8221; button_letter_spacing_hover=&#8221;0&#8243; title=&#8221;Newsletter&#8221;]<\/p>\n<p><img loading=\"lazy\" class=\"wp-image-214 size-medium\" src=\"https:\/\/leboncall.com\/wp-content\/uploads\/2016\/08\/callcenter4-300x200.jpg\" alt=\"newsletter call-center\" width=\"300\" height=\"200\" srcset=\"https:\/\/leboncall.com\/wp-content\/uploads\/2016\/08\/callcenter4-300x200.jpg 300w, https:\/\/leboncall.com\/wp-content\/uploads\/2016\/08\/callcenter4.jpg 424w\" sizes=\"(max-width: 300px) 100vw, 300px\" \/><\/p>\n<p>[\/et_pb_signup][\/et_pb_column_inner][\/et_pb_row_inner][et_pb_row_inner admin_label=&#8221;Ligne&#8221;][et_pb_column_inner type=&#8221;4_4&#8243; saved_specialty_column_type=&#8221;3_4&#8243;][et_pb_text admin_label=&#8221;Texte&#8221; background_layout=&#8221;light&#8221; text_orientation=&#8221;left&#8221; use_border_color=&#8221;off&#8221; border_color=&#8221;#ffffff&#8221; border_style=&#8221;solid&#8221; module_class=&#8221;accroche&#8221; custom_css_main_element=&#8221;font-size: 18px;||line-height: 35px;&#8221;]<\/p>\n<p><strong>Call center Maroc, centre d&#8217;appel, \u00a0cal center tunisie<\/strong><\/p>\n<p>L\u2019activit\u00e9 de centres d&#8217;appels au Maroc n\u2019a cess\u00e9 de croitre ces derni\u00e8res ann\u00e9es jusqu\u2019\u00e0 arriver \u00e0 une l\u00e9g\u00e8re baisse tr\u00e8s minime compar\u00e9 \u00e0 son activit\u00e9 qui explose, et qui est loin d\u2019\u00eatre menac\u00e9e. En effet les centres d&#8217;appels au \u00a0 \u00a0Maroc sont devenus monnaie courante, et les postes sont devenus une source d\u2019emploi tr\u00e8s importante.<br \/>\nLe Maroc gr\u00e2ce \u00e0 ces nombreux centre d&#8217;appels\u00a0a permis de cr\u00e9er plus de 70.000 emplois dans le secteur de l\u2019assistance t\u00e9l\u00e9phonique et des call center Maroc en g\u00e9n\u00e9ral. Des chiffres qui remontent \u00e0 2013, mais qui sont encore tr\u00e8s hauts aujourd\u2019hui.<\/p>\n<p><a href=\"https:\/\/leboncall.com\/call-center-maroc\"><strong>Pourquoi choisir un call center Maroc ?<\/strong><\/a><\/p>\n<p><strong>Call center C\u00f4te d&#8217;Ivoire<\/strong><\/p>\n<p>Alors que les centres d&#8217;appels tardent \u00e0 arriver en C\u00f4te d\u2019Ivoire, une fois le ph\u00e9nom\u00e8ne install\u00e9 et la confiance re\u00e7us, les centres d&#8217;appels en C\u00f4te d\u2019Ivoire suivent une croissance presque aussi importante que leurs voisins europ\u00e9ens ou m\u00eame d\u2019autres pays du Maghreb.<br \/>\nL\u2019emploi en C\u00f4te d\u2019Ivoire \u00e9tant limit\u00e9e (seuls 25% des Ivoiriens b\u00e9n\u00e9ficiant d\u2019un travail) et les habitants qui travaillent n\u2019\u00e9tant pas tous r\u00e9mun\u00e9r\u00e9s pour les t\u00e2ches r\u00e9alis\u00e9es, la C\u00f4te d\u2019Ivoire est loin d\u2019\u00eatre le pays le plus favorable aux emplois. Les centres d&#8217;appelsont permis de modifier quelque peu cette situation gr\u00e2ce \u00e0 l\u2019emploi d\u2019ivoiriens \u00e0 des prix attrayants qui leur permettent de b\u00e9n\u00e9ficier d\u2019un salaire et de proposer ainsi une main d\u2019\u0153uvre pour des call center C\u00f4te d\u2019Ivoire bon march\u00e9.<br \/>\nDes formations sont m\u00eame propos\u00e9es pour les jeunes qui veulent se former au m\u00e9tier de t\u00e9l\u00e9op\u00e9rateur et t\u00e9l\u00e9acteur, le minimum requis \u00e9tant la classe Terminale. Ce travail de t\u00e9l\u00e9acteur dans un centres d&#8217;appels en C\u00f4te d\u2019Ivoire est un travail qui peut \u00eatre aussi bien un travail \u00e0 temps plein qu\u2019un travail \u00e0 temps partiel ou un job \u00e9tudiant. Dans les centres d&#8217;appels de C\u00f4te d\u2019Ivoire vous pouvez \u00eatre recrut\u00e9 d\u2019un niveau Bac \u00e0 Bac +5 en fonction de votre niveau, de vos formations, votre profil trouvera place au sein d\u2019un centres d&#8217;appels et des postes disponibles d\u2019un conseiller \u00e0 chef de plateau en passant par commercial, etc.<\/p>\n<p><a href=\"https:\/\/leboncall.com\/call-center-cote-divoire\"> L\u2019histoire des call center \u00e0 Abidjan<\/a><\/p>\n<p><strong>Call center ile Maurice<\/strong><\/p>\n<p>Pourquoi il est plus avantageux de choisir un centre d&#8217;appels \u00e0 Maurice qu\u2019en France ? La r\u00e9ponse est toute simple, le co\u00fbt des services de t\u00e9l\u00e9acteurs \u00e0 Maurice est bien moins \u00e9lev\u00e9 qu\u2019en France. C\u2019est l\u2019\u00e9tude du cabinet Accenture qui a mis le doigt sur ce ph\u00e9nom\u00e8ne grandissant qui entra\u00eene irr\u00e9m\u00e9diablement la d\u00e9localisation des centres d&#8217;appels de France vers des centres d&#8217;appels \u00e0 Maurice par exemple.<\/p>\n<p><a href=\"https:\/\/leboncall.com\/call-center-maurice\">Les avantages d\u2019un call center \u00e0 l\u2019\u00eele Maurice<\/a><\/p>\n<p>&nbsp;<\/p>\n<h2>Call center Tunisie<\/h2>\n<p>Alors que certains s\u2019orientent vers des logiciels, les call center continuent de faire parler d\u2019eux gr\u00e2ce \u00e0 une qualit\u00e9 encore bien plus importante que celle que la robotisation peut proposer.<\/p>\n<h2>Sp\u00e9cificit\u00e9s des \u00a0centres d&#8217;appels \u00a0Tunisien ?<\/h2>\n<p>Alors que les centre d&#8217;appels s\u2019implantent un peu partout dans le reste du monde, la Tunisie tarde \u00e0 acqu\u00e9rir ses premiers centres d\u2019appels. Ce n\u2019est qu\u2019en 1999 qu\u2019est apparue cette nouvelle activit\u00e9 dans les call center Tunisie.<\/p>\n<p>On retrouve alors les principaux services de t\u00e9l\u00e9assistance et de t\u00e9l\u00e9travail avec de la t\u00e9l\u00e9vente, du t\u00e9l\u00e9commerce et bien d\u2019autres comme la t\u00e9l\u00e9prospection.<\/p>\n<h2>Les call center tunisien en chiffres<\/h2>\n<p>Les call center Tunisie ne tarde pas \u00e0 gagner des places dans le march\u00e9 pour ainsi r\u00e9ussir \u00e0 obtenir un chiffre d\u2019affaires avoisinant les 250 millions d\u2019euros.<\/p>\n<p><a href=\"https:\/\/leboncall.com\/call-center-tunisie\">Plus d&#8217;information sur les centres d&#8217;appels\u00a0en Tunisie<\/a><\/p>\n<p>&nbsp;<\/p>\n<p>&nbsp;<\/p>\n<p>&nbsp;<\/p>\n<h2>Call center Madagascar<\/h2>\n<p>Votre projet n\u00e9cessite une externalisation et vous cherchez une main-d\u2019\u0153uvre bon march\u00e9 qui soit de qualit\u00e9\u00a0? Le centres d&#8217;appels \u00e0 Madagascar est l\u00e0 pour vous assurer services et prestations de qualit\u00e9 avec une r\u00e9activit\u00e9 exemplaire.<\/p>\n<p>Si vous cherchez un centre d&#8217;appels \u00e0 Madagascar qui r\u00e9pondent \u00e0 vos besoins vous pouvez faire confiance \u00e0 ces centres d\u2019appels. Le centres d&#8217;appels&gt; Madagascar c\u2019est une \u00e9quipe qualifi\u00e9e qui est recrut\u00e9e selon des crit\u00e8res pr\u00e9cis comme un sens du relationnel excellent, une maitrise du fran\u00e7ais tant \u00e0 l\u2019oral qu\u2019\u00e0 l\u2019\u00e9crit parfaite, mais \u00e9galement de l\u2019exp\u00e9rience et de l\u2019aisance dans bien d\u2019autres domaines et langues.<\/p>\n<h3><span style=\"color: #3366ff;\"><a style=\"color: #3366ff;\" href=\"https:\/\/leboncall.com\/call-center-madagascar\">Quelques avantages d\u2019un call center Madagascar<\/a><\/span><\/h3>\n<p>&nbsp;<\/p>\n<p>&nbsp;<\/p>\n<p>&nbsp;<\/p>\n<h2>Centres d&#8217;appels en\u00a0Alg\u00e9rie<\/h2>\n<h2>Des vagues de call center Alg\u00e9rie<\/h2>\n<p>Les centres d&#8217;appels en Alg\u00e9rie sont arriv\u00e9s par vagues dans le pays, comme c\u2019est le cas avec le lancement de presque 50 centres d\u2019appels en 2008 alors que l\u2019activit\u00e9 \u00e9tait d\u00e9j\u00e0 bien pr\u00e9sente dans le monde entier. L\u2019Alg\u00e9rie est un des pays les plus convoit\u00e9s pour sa population et sa situation g\u00e9ographique. En effet on retrouve une population alg\u00e9rienne francophone dans les centres d&#8217;appels \u00a0Alg\u00e9rie, qui maitrise non seulement le fran\u00e7ais \u00e9crit mais \u00e9galement oral sans accent.<\/p>\n<p>Les jeunes dipl\u00f4m\u00e9s et les \u00e9tudiants font partis des employ\u00e9s les plus appr\u00e9ci\u00e9s, avec un minimum de Bac+4, il est \u00e9vident que les comp\u00e9tences et les qualit\u00e9s n\u00e9cessaires sont disponibles pour les centres d&#8217;appels Alg\u00e9rie. Enfin l\u2019Alg\u00e9rie b\u00e9n\u00e9ficie des avantages de sa situation g\u00e9ographique, avec une capitale desservie par de nombreux vol quotidiens par les plus grandes compagnies a\u00e9riennes, en moins de 2 heures.<\/p>\n<h2><span style=\"color: #3366ff;\"><a style=\"color: #3366ff;\" href=\"https:\/\/leboncall.com\/call-center-algerie\">Avantages et inconv\u00e9nient des call center Alg\u00e9rie<\/a><\/span><\/h2>\n<p>&nbsp;<\/p>\n<p>&nbsp;<\/p>\n<p>&nbsp;<\/p>\n<p>[\/et_pb_text][et_pb_social_media_follow admin_label=&#8221;Suivez-nous sur les r\u00e9seaux sociaux&#8221; link_shape=&#8221;rounded_rectangle&#8221; background_layout=&#8221;light&#8221; url_new_window=&#8221;off&#8221; follow_button=&#8221;off&#8221;]<\/p>\n<p>[et_pb_social_media_follow_network social_network=&#8221;google-plus&#8221; url=&#8221;https:\/\/plus.google.com\/u\/0\/107794274884510119811&#8243; skype_action=&#8221;call&#8221; bg_color=&#8221;#dd4b39&#8243;] Google+ [\/et_pb_social_media_follow_network]<\/p>\n<p>[\/et_pb_social_media_follow][et_pb_social_media_follow admin_label=&#8221;Suivez-nous sur les r\u00e9seaux sociaux&#8221; link_shape=&#8221;rounded_rectangle&#8221; background_layout=&#8221;light&#8221; url_new_window=&#8221;off&#8221; follow_button=&#8221;off&#8221;]<\/p>\n<p>[et_pb_social_media_follow_network social_network=&#8221;facebook&#8221; url=&#8221;https:\/\/www.facebook.com\/CALL-United-1574215429547409\/&#8221; skype_action=&#8221;call&#8221; bg_color=&#8221;#3b5998&#8243;] Facebook [\/et_pb_social_media_follow_network]<\/p>\n<p>[\/et_pb_social_media_follow][\/et_pb_column_inner][\/et_pb_row_inner][\/et_pb_column][et_pb_column type=&#8221;1_4&#8243;][et_pb_sidebar admin_label=&#8221;Sidebar&#8221; orientation=&#8221;right&#8221; background_layout=&#8221;light&#8221;]<\/p>\n<p>[\/et_pb_sidebar][\/et_pb_column][\/et_pb_section]<\/p>","protected":false},"excerpt":{"rendered":"<p>Call Center : parce qu&#8217;il en existe des milliers , leboncall vous facilite la tache et a regroup\u00e9&nbsp;autour de Call united&nbsp;&nbsp;les acteurs les plus performants du march\u00e9 francophone et anglophone.&nbsp; Le bon call , c&#8217;est un seul interlocuteur pour \u00e9couter , comprendre et r\u00e9pondre&nbsp;\u00e0 vos besoins . Alors ne perdez pas plus de temps et [&hellip;]<\/p>\n","protected":false},"author":1,"featured_media":0,"parent":0,"menu_order":0,"comment_status":"closed","ping_status":"closed","template":"","meta":{"_et_pb_use_builder":"on","_et_pb_old_content":"","_et_gb_content_width":""},"yoast_head":"<!-- This site is optimized with the Yoast SEO plugin v19.8 - https:\/\/yoast.com\/wordpress\/plugins\/seo\/ -->\n<title>Call center sur mesure: comparez, choisissez la qualit\u00e9 01.84.88.71.88<\/title>\n<meta name=\"description\" content=\"call center francophone sp\u00e9cialis\u00e9 aussi bien en \u00e9mission qu&#039;en r\u00e9ception d&#039;appels, leboncall est une marque du groupe Call united.\" \/>\n<meta name=\"robots\" content=\"index, follow, max-snippet:-1, max-image-preview:large, max-video-preview:-1\" \/>\n<link rel=\"canonical\" href=\"https:\/\/leboncall.com\/call-center-call-united\" \/>\n<meta property=\"og:locale\" content=\"en_US\" \/>\n<meta property=\"og:type\" content=\"article\" \/>\n<meta property=\"og:title\" content=\"Call center sur mesure: comparez, choisissez la qualit\u00e9 01.84.88.71.88\" \/>\n<meta property=\"og:description\" content=\"call center francophone sp\u00e9cialis\u00e9 aussi bien en \u00e9mission qu&#039;en r\u00e9ception d&#039;appels, leboncall est une marque du groupe Call united.\" \/>\n<meta property=\"og:url\" content=\"https:\/\/leboncall.com\/call-center-call-united\" \/>\n<meta property=\"og:site_name\" content=\"Le Bon Call\" \/>\n<meta property=\"article:publisher\" content=\"https:\/\/www.facebook.com\/CALL-United-1574215429547409\/\" \/>\n<meta property=\"article:modified_time\" content=\"2017-07-27T12:19:58+00:00\" \/>\n<meta property=\"og:image\" content=\"https:\/\/leboncall.com\/wp-content\/uploads\/2016\/08\/callcenter4-300x200.jpg\" \/>\n<meta name=\"twitter:card\" content=\"summary_large_image\" \/>\n<meta name=\"twitter:label1\" content=\"Est. reading time\" \/>\n\t<meta name=\"twitter:data1\" content=\"16 minutes\" \/>\n<script type=\"application\/ld+json\" class=\"yoast-schema-graph\">{\"@context\":\"https:\/\/schema.org\",\"@graph\":[{\"@type\":\"WebPage\",\"@id\":\"https:\/\/leboncall.com\/call-center-call-united\",\"url\":\"https:\/\/leboncall.com\/call-center-call-united\",\"name\":\"Call center sur mesure: comparez, choisissez la qualit\u00e9 01.84.88.71.88\",\"isPartOf\":{\"@id\":\"https:\/\/leboncall.com\/#website\"},\"datePublished\":\"2016-08-03T12:57:09+00:00\",\"dateModified\":\"2017-07-27T12:19:58+00:00\",\"description\":\"call center francophone sp\u00e9cialis\u00e9 aussi bien en \u00e9mission qu'en r\u00e9ception d'appels, leboncall est une marque du groupe Call united.\",\"breadcrumb\":{\"@id\":\"https:\/\/leboncall.com\/call-center-call-united#breadcrumb\"},\"inLanguage\":\"en-US\",\"potentialAction\":[{\"@type\":\"ReadAction\",\"target\":[\"https:\/\/leboncall.com\/call-center-call-united\"]}]},{\"@type\":\"BreadcrumbList\",\"@id\":\"https:\/\/leboncall.com\/call-center-call-united#breadcrumb\",\"itemListElement\":[{\"@type\":\"ListItem\",\"position\":1,\"name\":\"Accueil\",\"item\":\"https:\/\/leboncall.com\/\"},{\"@type\":\"ListItem\",\"position\":2,\"name\":\"call center call united\"}]},{\"@type\":\"WebSite\",\"@id\":\"https:\/\/leboncall.com\/#website\",\"url\":\"https:\/\/leboncall.com\/\",\"name\":\"Le Bon Call\",\"description\":\"\",\"publisher\":{\"@id\":\"https:\/\/leboncall.com\/#organization\"},\"potentialAction\":[{\"@type\":\"SearchAction\",\"target\":{\"@type\":\"EntryPoint\",\"urlTemplate\":\"https:\/\/leboncall.com\/?s={search_term_string}\"},\"query-input\":\"required name=search_term_string\"}],\"inLanguage\":\"en-US\"},{\"@type\":\"Organization\",\"@id\":\"https:\/\/leboncall.com\/#organization\",\"name\":\"Call united - call center francophone\",\"url\":\"https:\/\/leboncall.com\/\",\"sameAs\":[\"https:\/\/www.youtube.com\/channel\/UCk3KAkBcDVdoDa6AhTtnkpw\",\"https:\/\/www.facebook.com\/CALL-United-1574215429547409\/\"],\"logo\":{\"@type\":\"ImageObject\",\"inLanguage\":\"en-US\",\"@id\":\"https:\/\/leboncall.com\/#\/schema\/logo\/image\/\",\"url\":\"https:\/\/leboncall.com\/wp-content\/uploads\/2016\/08\/image1.jpg\",\"contentUrl\":\"https:\/\/leboncall.com\/wp-content\/uploads\/2016\/08\/image1.jpg\",\"width\":1600,\"height\":600,\"caption\":\"Call united - call center francophone\"},\"image\":{\"@id\":\"https:\/\/leboncall.com\/#\/schema\/logo\/image\/\"}}]}<\/script>\n<!-- \/ Yoast SEO plugin. -->","yoast_head_json":{"title":"Call center sur mesure: comparez, choisissez la qualit\u00e9 01.84.88.71.88","description":"call center francophone sp\u00e9cialis\u00e9 aussi bien en \u00e9mission qu'en r\u00e9ception d'appels, leboncall est une marque du groupe Call united.","robots":{"index":"index","follow":"follow","max-snippet":"max-snippet:-1","max-image-preview":"max-image-preview:large","max-video-preview":"max-video-preview:-1"},"canonical":"https:\/\/leboncall.com\/call-center-call-united","og_locale":"en_US","og_type":"article","og_title":"Call center sur mesure: comparez, choisissez la qualit\u00e9 01.84.88.71.88","og_description":"call center francophone sp\u00e9cialis\u00e9 aussi bien en \u00e9mission qu'en r\u00e9ception d'appels, leboncall est une marque du groupe Call united.","og_url":"https:\/\/leboncall.com\/call-center-call-united","og_site_name":"Le Bon Call","article_publisher":"https:\/\/www.facebook.com\/CALL-United-1574215429547409\/","article_modified_time":"2017-07-27T12:19:58+00:00","og_image":[{"url":"https:\/\/leboncall.com\/wp-content\/uploads\/2016\/08\/callcenter4-300x200.jpg"}],"twitter_card":"summary_large_image","twitter_misc":{"Est. reading time":"16 minutes"},"schema":{"@context":"https:\/\/schema.org","@graph":[{"@type":"WebPage","@id":"https:\/\/leboncall.com\/call-center-call-united","url":"https:\/\/leboncall.com\/call-center-call-united","name":"Call center sur mesure: comparez, choisissez la qualit\u00e9 01.84.88.71.88","isPartOf":{"@id":"https:\/\/leboncall.com\/#website"},"datePublished":"2016-08-03T12:57:09+00:00","dateModified":"2017-07-27T12:19:58+00:00","description":"call center francophone sp\u00e9cialis\u00e9 aussi bien en \u00e9mission qu'en r\u00e9ception d'appels, leboncall est une marque du groupe Call united.","breadcrumb":{"@id":"https:\/\/leboncall.com\/call-center-call-united#breadcrumb"},"inLanguage":"en-US","potentialAction":[{"@type":"ReadAction","target":["https:\/\/leboncall.com\/call-center-call-united"]}]},{"@type":"BreadcrumbList","@id":"https:\/\/leboncall.com\/call-center-call-united#breadcrumb","itemListElement":[{"@type":"ListItem","position":1,"name":"Accueil","item":"https:\/\/leboncall.com\/"},{"@type":"ListItem","position":2,"name":"call center call united"}]},{"@type":"WebSite","@id":"https:\/\/leboncall.com\/#website","url":"https:\/\/leboncall.com\/","name":"Le Bon Call","description":"","publisher":{"@id":"https:\/\/leboncall.com\/#organization"},"potentialAction":[{"@type":"SearchAction","target":{"@type":"EntryPoint","urlTemplate":"https:\/\/leboncall.com\/?s={search_term_string}"},"query-input":"required name=search_term_string"}],"inLanguage":"en-US"},{"@type":"Organization","@id":"https:\/\/leboncall.com\/#organization","name":"Call united - call center francophone","url":"https:\/\/leboncall.com\/","sameAs":["https:\/\/www.youtube.com\/channel\/UCk3KAkBcDVdoDa6AhTtnkpw","https:\/\/www.facebook.com\/CALL-United-1574215429547409\/"],"logo":{"@type":"ImageObject","inLanguage":"en-US","@id":"https:\/\/leboncall.com\/#\/schema\/logo\/image\/","url":"https:\/\/leboncall.com\/wp-content\/uploads\/2016\/08\/image1.jpg","contentUrl":"https:\/\/leboncall.com\/wp-content\/uploads\/2016\/08\/image1.jpg","width":1600,"height":600,"caption":"Call united - call center francophone"},"image":{"@id":"https:\/\/leboncall.com\/#\/schema\/logo\/image\/"}}]}},"_links":{"self":[{"href":"https:\/\/leboncall.com\/en\/wp-json\/wp\/v2\/pages\/38"}],"collection":[{"href":"https:\/\/leboncall.com\/en\/wp-json\/wp\/v2\/pages"}],"about":[{"href":"https:\/\/leboncall.com\/en\/wp-json\/wp\/v2\/types\/page"}],"author":[{"embeddable":true,"href":"https:\/\/leboncall.com\/en\/wp-json\/wp\/v2\/users\/1"}],"replies":[{"embeddable":true,"href":"https:\/\/leboncall.com\/en\/wp-json\/wp\/v2\/comments?post=38"}],"version-history":[{"count":88,"href":"https:\/\/leboncall.com\/en\/wp-json\/wp\/v2\/pages\/38\/revisions"}],"predecessor-version":[{"id":973,"href":"https:\/\/leboncall.com\/en\/wp-json\/wp\/v2\/pages\/38\/revisions\/973"}],"wp:attachment":[{"href":"https:\/\/leboncall.com\/en\/wp-json\/wp\/v2\/media?parent=38"}],"curies":[{"name":"wp","href":"https:\/\/api.w.org\/{rel}","templated":true}]}}