{"id":334,"date":"2016-09-20T13:21:45","date_gmt":"2016-09-20T13:21:45","guid":{"rendered":"http:\/\/leboncall.com\/?page_id=334"},"modified":"2017-06-09T08:54:04","modified_gmt":"2017-06-09T08:54:04","slug":"call-center-casablanca","status":"publish","type":"page","link":"https:\/\/leboncall.com\/en\/call-center-casablanca","title":{"rendered":"Call Center Casablanca"},"content":{"rendered":"<p><a href=\"http:\/\/www.leboncall.com\">Call center<\/a> <a href=\"https:\/\/www.google.fr\/maps\/place\/Maroc\/@31.4771418,-16.0948198,5z\/data=!3m1!4b1!4m5!3m4!1s0xd0b88619651c58d:0xd9d39381c42cffc3!8m2!3d31.791702!4d-7.09262\">Maroc<\/a> \u00a0,<\/p>\n<p>L\u2019activit\u00e9 de<a href=\"https:\/\/leboncall.com\/call-center-maroc\"> call center au Maroc <\/a>n\u2019a cess\u00e9 de cro\u00eetre ces derni\u00e8res ann\u00e9es jusqu\u2019\u00e0 arriver \u00e0 une l\u00e9g\u00e8re baisse tr\u00e8s minime compar\u00e9 \u00e0 son activit\u00e9 qui explose, et qui est loin d\u2019\u00eatre menac\u00e9e. En effet les call center Maroc sont devenus monnaie courante, et les postes sont devenus une source d\u2019emploi tr\u00e8s importante.<\/p>\n<p>Le Maroc gr\u00e2ce \u00e0 ces nombreux call center marocain a permis de cr\u00e9er plus de 70.000 emplois dans le secteur de l\u2019assistance t\u00e9l\u00e9phonique et des<a href=\"https:\/\/leboncall.com\/call-center-maroc\"> call center Maroc <\/a>en g\u00e9n\u00e9ral. Des chiffres qui remontent \u00e0 2013, mais qui sont encore tr\u00e8s hauts aujourd\u2019hui.<\/p>\n<h2>Pourquoi choisir un call center Maroc\u00a0?<\/h2>\n<p>De nombreux centres d\u2019appel implant\u00e9s au Maroc, sont en lien direct avec l\u2019Europe et plus particuli\u00e8rement la France. C\u2019est ainsi que de nombreuses compagnies fran\u00e7aises font appel au call center Maroc pour minimiser les co\u00fbts horaires de t\u00e9l\u00e9marketing ou t\u00e9l\u00e9conseillers qui est sommes toutes moins \u00e9lev\u00e9 au Maroc qu\u2019en Europe. Et la raison est telle que le SMIC d\u2019un t\u00e9l\u00e9conseiller d\u2019un call center Maroc est bien moins \u00e9lev\u00e9 que le SMIC Fran\u00e7ais, la vie \u00e9tant \u00e9galement bien diff\u00e9rente de celui en Europe.<\/p>\n<p>D&#8217;autant plus que les call center Maroc ont l&#8217;avantage d&#8217;avoir un vivi\u00e9 de teleoperateur pour qui le m\u00e9tier de t\u00e9l\u00e9prospecteur n&#8217;est pas un job \u00a0saisonnier ou \u00e9ph\u00e9m\u00e8re mais pluton la possibilit\u00e9 d\u2019acc\u00e9der \u00e0 une carri\u00e8re , ainsi il n&#8217;est pas rare que des cadres dans le milieu des call center Maroc soient mieux r\u00e9mun\u00e9r\u00e9s que des m\u00e9decins .<\/p>\n<p>Avouons \u00e9galement que les lois du travail et les contraintes qui s\u2019appliquent au <a href=\"https:\/\/leboncall.com\/call-center-maroc\">call center Maroc <\/a>ne sont pas identiques \u00e0 celles en Europe, c\u2019est d\u2019ailleurs un avantage consid\u00e9rable pour les heures de nuits et le travail avec un call center Maroc de fa\u00e7on plus g\u00e9n\u00e9rale.<\/p>\n<h2>Les call center Casablanca<\/h2>\n<p>Casablanca, capitale \u00e9conomique que nombreuses autres villes envient n\u2019\u00e9chappe pas \u00e0 la pr\u00e9sence des nombreux centres d\u2019appels qui s\u2019\u00e9talent sur le Maroc. En effet \u00e0 Casablanca s\u2019implante \u00e9galement des call center comme le leader mondial qui a pos\u00e9 ses valises dans la capitale \u00e9conomique. Les chiffres sont exponentiels, la croissance s\u2019en ressent et m\u00eame c\u00f4t\u00e9 emploi c\u2019est un turn-over en baisse alors que la plupart des call center luttent contre ce ph\u00e9nom\u00e8ne, et c\u2019est \u00e9galement un d\u00e9veloppement incroyable avec b\u00e9n\u00e9fices \u00e0 la cl\u00e9. Avec la r\u00e9ussite de nombreux call center, les centres d\u2019appels prolif\u00e8rent \u00e0 vitesse grand V et la capitale \u00e9conomique ne tarde pas d\u2019\u00eatre demand\u00e9e comme lieu d\u2019implantation, avec du coup l\u2019arriv\u00e9e de nouveau call center \u00e0 Casablanca.<\/p>\n<p>&nbsp;<\/p>\n<p><iframe loading=\"lazy\" style=\"border: 0;\" src=\"https:\/\/www.google.com\/maps\/embed?pb=!1m18!1m12!1m3!1d13937503.274665186!2d-16.094819779588896!3d31.477141795651928!2m3!1f0!2f0!3f0!3m2!1i1024!2i768!4f13.1!3m3!1m2!1s0xd0b88619651c58d%3A0xd9d39381c42cffc3!2sMaroc!5e0!3m2!1sfr!2sfr!4v1474378553268\" width=\"1000\" height=\"450\" frameborder=\"0\" allowfullscreen=\"allowfullscreen\"><\/iframe><\/p>","protected":false},"excerpt":{"rendered":"<p>Call center Maroc \u00a0, L\u2019activit\u00e9 de call center au Maroc n\u2019a cess\u00e9 de cro\u00eetre ces derni\u00e8res ann\u00e9es jusqu\u2019\u00e0 arriver \u00e0 une l\u00e9g\u00e8re baisse tr\u00e8s minime compar\u00e9 \u00e0 son activit\u00e9 qui explose, et qui est loin d\u2019\u00eatre menac\u00e9e. En effet les call center Maroc sont devenus monnaie courante, et les postes sont devenus une source d\u2019emploi [&hellip;]<\/p>\n","protected":false},"author":1,"featured_media":354,"parent":0,"menu_order":0,"comment_status":"closed","ping_status":"closed","template":"","meta":{"_et_pb_use_builder":"","_et_pb_old_content":"","_et_gb_content_width":""},"yoast_head":"<!-- This site is optimized with the Yoast SEO plugin v19.8 - https:\/\/yoast.com\/wordpress\/plugins\/seo\/ -->\n<title>Call center Casablanca : notre ligne direct au 01.84.88.71.88<\/title>\n<meta name=\"description\" content=\"Call Center Casablanca: t\u00e9l\u00e9marketing, t\u00e9l\u00e9prospection, prise de rdv, t\u00e9l\u00e9vente, r\u00e9ception d&#039;appel: contactez nous: 01.84.88.71.88\" \/>\n<meta name=\"robots\" content=\"index, follow, max-snippet:-1, max-image-preview:large, max-video-preview:-1\" \/>\n<link rel=\"canonical\" href=\"https:\/\/leboncall.com\/call-center-casablanca\" \/>\n<meta property=\"og:locale\" content=\"en_US\" \/>\n<meta property=\"og:type\" content=\"article\" \/>\n<meta property=\"og:title\" content=\"Call center Casablanca : notre ligne direct au 01.84.88.71.88\" \/>\n<meta property=\"og:description\" content=\"Call Center Casablanca: t\u00e9l\u00e9marketing, t\u00e9l\u00e9prospection, prise de rdv, t\u00e9l\u00e9vente, r\u00e9ception d&#039;appel: contactez nous: 01.84.88.71.88\" \/>\n<meta property=\"og:url\" content=\"https:\/\/leboncall.com\/call-center-casablanca\" \/>\n<meta property=\"og:site_name\" content=\"Le Bon Call\" \/>\n<meta property=\"article:publisher\" content=\"https:\/\/www.facebook.com\/CALL-United-1574215429547409\/\" \/>\n<meta property=\"article:modified_time\" content=\"2017-06-09T08:54:04+00:00\" \/>\n<meta property=\"og:image\" content=\"https:\/\/leboncall.com\/wp-content\/uploads\/2016\/09\/carte-maroc-avec-LIEU.jpg\" \/>\n\t<meta property=\"og:image:width\" content=\"604\" \/>\n\t<meta property=\"og:image:height\" content=\"487\" \/>\n\t<meta property=\"og:image:type\" content=\"image\/jpeg\" \/>\n<meta name=\"twitter:card\" content=\"summary_large_image\" \/>\n<meta name=\"twitter:label1\" content=\"Est. reading time\" \/>\n\t<meta name=\"twitter:data1\" content=\"5 minutes\" \/>\n<script type=\"application\/ld+json\" class=\"yoast-schema-graph\">{\"@context\":\"https:\/\/schema.org\",\"@graph\":[{\"@type\":\"WebPage\",\"@id\":\"https:\/\/leboncall.com\/call-center-casablanca\",\"url\":\"https:\/\/leboncall.com\/call-center-casablanca\",\"name\":\"Call center Casablanca : notre ligne direct au 01.84.88.71.88\",\"isPartOf\":{\"@id\":\"https:\/\/leboncall.com\/#website\"},\"datePublished\":\"2016-09-20T13:21:45+00:00\",\"dateModified\":\"2017-06-09T08:54:04+00:00\",\"description\":\"Call Center Casablanca: t\u00e9l\u00e9marketing, t\u00e9l\u00e9prospection, prise de rdv, t\u00e9l\u00e9vente, r\u00e9ception d'appel: contactez nous: 01.84.88.71.88\",\"breadcrumb\":{\"@id\":\"https:\/\/leboncall.com\/call-center-casablanca#breadcrumb\"},\"inLanguage\":\"en-US\",\"potentialAction\":[{\"@type\":\"ReadAction\",\"target\":[\"https:\/\/leboncall.com\/call-center-casablanca\"]}]},{\"@type\":\"BreadcrumbList\",\"@id\":\"https:\/\/leboncall.com\/call-center-casablanca#breadcrumb\",\"itemListElement\":[{\"@type\":\"ListItem\",\"position\":1,\"name\":\"Accueil\",\"item\":\"https:\/\/leboncall.com\/\"},{\"@type\":\"ListItem\",\"position\":2,\"name\":\"Call Center Casablanca\"}]},{\"@type\":\"WebSite\",\"@id\":\"https:\/\/leboncall.com\/#website\",\"url\":\"https:\/\/leboncall.com\/\",\"name\":\"Le Bon Call\",\"description\":\"\",\"publisher\":{\"@id\":\"https:\/\/leboncall.com\/#organization\"},\"potentialAction\":[{\"@type\":\"SearchAction\",\"target\":{\"@type\":\"EntryPoint\",\"urlTemplate\":\"https:\/\/leboncall.com\/?s={search_term_string}\"},\"query-input\":\"required name=search_term_string\"}],\"inLanguage\":\"en-US\"},{\"@type\":\"Organization\",\"@id\":\"https:\/\/leboncall.com\/#organization\",\"name\":\"Call united - call center francophone\",\"url\":\"https:\/\/leboncall.com\/\",\"sameAs\":[\"https:\/\/www.youtube.com\/channel\/UCk3KAkBcDVdoDa6AhTtnkpw\",\"https:\/\/www.facebook.com\/CALL-United-1574215429547409\/\"],\"logo\":{\"@type\":\"ImageObject\",\"inLanguage\":\"en-US\",\"@id\":\"https:\/\/leboncall.com\/#\/schema\/logo\/image\/\",\"url\":\"https:\/\/leboncall.com\/wp-content\/uploads\/2016\/08\/image1.jpg\",\"contentUrl\":\"https:\/\/leboncall.com\/wp-content\/uploads\/2016\/08\/image1.jpg\",\"width\":1600,\"height\":600,\"caption\":\"Call united - call center francophone\"},\"image\":{\"@id\":\"https:\/\/leboncall.com\/#\/schema\/logo\/image\/\"}}]}<\/script>\n<!-- \/ Yoast SEO plugin. -->","yoast_head_json":{"title":"Call center Casablanca : notre ligne direct au 01.84.88.71.88","description":"Call Center Casablanca: t\u00e9l\u00e9marketing, t\u00e9l\u00e9prospection, prise de rdv, t\u00e9l\u00e9vente, r\u00e9ception d'appel: contactez nous: 01.84.88.71.88","robots":{"index":"index","follow":"follow","max-snippet":"max-snippet:-1","max-image-preview":"max-image-preview:large","max-video-preview":"max-video-preview:-1"},"canonical":"https:\/\/leboncall.com\/call-center-casablanca","og_locale":"en_US","og_type":"article","og_title":"Call center Casablanca : notre ligne direct au 01.84.88.71.88","og_description":"Call Center Casablanca: t\u00e9l\u00e9marketing, t\u00e9l\u00e9prospection, prise de rdv, t\u00e9l\u00e9vente, r\u00e9ception d'appel: contactez nous: 01.84.88.71.88","og_url":"https:\/\/leboncall.com\/call-center-casablanca","og_site_name":"Le Bon Call","article_publisher":"https:\/\/www.facebook.com\/CALL-United-1574215429547409\/","article_modified_time":"2017-06-09T08:54:04+00:00","og_image":[{"width":604,"height":487,"url":"https:\/\/leboncall.com\/wp-content\/uploads\/2016\/09\/carte-maroc-avec-LIEU.jpg","type":"image\/jpeg"}],"twitter_card":"summary_large_image","twitter_misc":{"Est. reading time":"5 minutes"},"schema":{"@context":"https:\/\/schema.org","@graph":[{"@type":"WebPage","@id":"https:\/\/leboncall.com\/call-center-casablanca","url":"https:\/\/leboncall.com\/call-center-casablanca","name":"Call center Casablanca : notre ligne direct au 01.84.88.71.88","isPartOf":{"@id":"https:\/\/leboncall.com\/#website"},"datePublished":"2016-09-20T13:21:45+00:00","dateModified":"2017-06-09T08:54:04+00:00","description":"Call Center Casablanca: t\u00e9l\u00e9marketing, t\u00e9l\u00e9prospection, prise de rdv, t\u00e9l\u00e9vente, r\u00e9ception d'appel: contactez nous: 01.84.88.71.88","breadcrumb":{"@id":"https:\/\/leboncall.com\/call-center-casablanca#breadcrumb"},"inLanguage":"en-US","potentialAction":[{"@type":"ReadAction","target":["https:\/\/leboncall.com\/call-center-casablanca"]}]},{"@type":"BreadcrumbList","@id":"https:\/\/leboncall.com\/call-center-casablanca#breadcrumb","itemListElement":[{"@type":"ListItem","position":1,"name":"Accueil","item":"https:\/\/leboncall.com\/"},{"@type":"ListItem","position":2,"name":"Call Center Casablanca"}]},{"@type":"WebSite","@id":"https:\/\/leboncall.com\/#website","url":"https:\/\/leboncall.com\/","name":"Le Bon Call","description":"","publisher":{"@id":"https:\/\/leboncall.com\/#organization"},"potentialAction":[{"@type":"SearchAction","target":{"@type":"EntryPoint","urlTemplate":"https:\/\/leboncall.com\/?s={search_term_string}"},"query-input":"required name=search_term_string"}],"inLanguage":"en-US"},{"@type":"Organization","@id":"https:\/\/leboncall.com\/#organization","name":"Call united - call center francophone","url":"https:\/\/leboncall.com\/","sameAs":["https:\/\/www.youtube.com\/channel\/UCk3KAkBcDVdoDa6AhTtnkpw","https:\/\/www.facebook.com\/CALL-United-1574215429547409\/"],"logo":{"@type":"ImageObject","inLanguage":"en-US","@id":"https:\/\/leboncall.com\/#\/schema\/logo\/image\/","url":"https:\/\/leboncall.com\/wp-content\/uploads\/2016\/08\/image1.jpg","contentUrl":"https:\/\/leboncall.com\/wp-content\/uploads\/2016\/08\/image1.jpg","width":1600,"height":600,"caption":"Call united - call center francophone"},"image":{"@id":"https:\/\/leboncall.com\/#\/schema\/logo\/image\/"}}]}},"_links":{"self":[{"href":"https:\/\/leboncall.com\/en\/wp-json\/wp\/v2\/pages\/334"}],"collection":[{"href":"https:\/\/leboncall.com\/en\/wp-json\/wp\/v2\/pages"}],"about":[{"href":"https:\/\/leboncall.com\/en\/wp-json\/wp\/v2\/types\/page"}],"author":[{"embeddable":true,"href":"https:\/\/leboncall.com\/en\/wp-json\/wp\/v2\/users\/1"}],"replies":[{"embeddable":true,"href":"https:\/\/leboncall.com\/en\/wp-json\/wp\/v2\/comments?post=334"}],"version-history":[{"count":14,"href":"https:\/\/leboncall.com\/en\/wp-json\/wp\/v2\/pages\/334\/revisions"}],"predecessor-version":[{"id":891,"href":"https:\/\/leboncall.com\/en\/wp-json\/wp\/v2\/pages\/334\/revisions\/891"}],"wp:featuredmedia":[{"embeddable":true,"href":"https:\/\/leboncall.com\/en\/wp-json\/wp\/v2\/media\/354"}],"wp:attachment":[{"href":"https:\/\/leboncall.com\/en\/wp-json\/wp\/v2\/media?parent=334"}],"curies":[{"name":"wp","href":"https:\/\/api.w.org\/{rel}","templated":true}]}}