{"id":267,"date":"2016-08-30T19:07:04","date_gmt":"2016-08-30T19:07:04","guid":{"rendered":"http:\/\/leboncall.com\/?page_id=267"},"modified":"2016-12-14T17:41:19","modified_gmt":"2016-12-14T17:41:19","slug":"call-center-francophone","status":"publish","type":"page","link":"https:\/\/leboncall.com\/en\/call-center-francophone","title":{"rendered":"Call center Francophone"},"content":{"rendered":"<p>Call center \u00a0, cette anglicisme pour d\u00e9crire l&#8217;activit\u00e9 de centre d&#8217;appels , est un m\u00e9tier \u00e0 part enti\u00e8re qui est peu connu de la plupart des personnes, ou pour dire vrai mal connu. En r\u00e9alit\u00e9, beaucoup de personnes y voient un simple r\u00e9seau t\u00e9l\u00e9phonique qui consiste \u00e0 prospecter, mais le call center regorge de bien d\u2019autres services pratiques et forts utiles pour les clients.<\/p>\n<p><strong>Que peut-on trouver dans les centres d\u2019appels \u00a0? <\/strong><\/p>\n<p>On fait bien souvent appel \u00e0 des call center pour diverses raisons dont l\u2019une tr\u00e8s connue est la prospection t\u00e9l\u00e9phonique appel\u00e9e aussi t\u00e9l\u00e9prospection. Mais en r\u00e9alit\u00e9 cela va bien au-del\u00e0 puisque l\u2019activit\u00e9 de call center regroupe aussi bien des \u00e9tudes marketing que des partenariats avec des instituts de sondages ou encore du secr\u00e9tariat et de la vente avec le suivi de factures, commandes.<br \/>\nMais ce n\u2019est pas tout gr\u00e2ce \u00e0 des \u00e9quipes performantes et qualifi\u00e9es les centres d\u2019appels peuvent fournir un servir de r\u00e9ception d\u2019appels et un service client qui sera disponible pour r\u00e9pondre aux questions de votre client\u00e8le, prendre des rendez et fournir un service apr\u00e8s-vente sp\u00e9cialis\u00e9, ceci gr\u00e2ce aux appels entrants de la client\u00e8le en direction du call center.<\/p>\n<p><strong><br \/>\n\u00c0 qui \u00e7a sert et \u00e0 quoi \u00e7a sert ? <\/strong><\/p>\n<p>L\u2019activit\u00e9 de call center est un service qui est devenu non seulement courant dans le quotidien des entreprises, mais \u00e9galement tr\u00e8s appr\u00e9ci\u00e9s des compagnies qui peuvent ainsi d\u00e9l\u00e9guer cette t\u00e2che en faisant r\u00e9aliser ces missions par des personnes sp\u00e9cialis\u00e9es et ainsi \u00e9conomiser en externalisant une activit\u00e9 qui prend du temps et n\u00e9cessite des ressources importantes.<br \/>\nGr\u00e2ce aux centres d\u2019appels, vous allez pouvoir externaliser de nombreuses campagnes marketing et r\u00e9ussir \u00e0 communiquer de fa\u00e7on pertinente sur l\u2019ensemble des r\u00e9seaux sociaux bien au-del\u00e0 du simple appel t\u00e9l\u00e9phonique en fonction de vos pr\u00e9f\u00e9rences en termes de communication. Vous allez ainsi r\u00e9ussir \u00e0 mettre en place diff\u00e9rentes op\u00e9rations pour faire cro\u00eetre votre entreprise sans avoir \u00e0 vous soucier de cette d\u00e9licate t\u00e2che. Que vous recherchiez \u00e0 fournir un service apr\u00e8s-vente de qualit\u00e9, \u00e0 r\u00e9pondre \u00e0 des requ\u00eates de vos clients, \u00e0 r\u00e9ceptionner des commandes ou \u00e0 faire de la prise de rendez-vous, gr\u00e2ce aux appels entrants la plateforme de call center saura vous fournir le service adapt\u00e9.<br \/>\nEn ce qui concerne les appels sortants, c\u2019est le call center qui communiquera pour vous \u00e0 travers les r\u00e9seaux sociaux et les appels t\u00e9l\u00e9phoniques pour vous permettre d\u2019acqu\u00e9rir de nouveaux clients, fid\u00e9liser et proposer des programmes adapt\u00e9s pour vos anciens clients, proc\u00e9der \u00e0 des ventes \u00e0 distance, ou faire des sondages pour conna\u00eetre certains d\u00e9tails que vous jugez importants.<br \/>\nEn bref\u2026<br \/>\nIl faut savoir que les activit\u00e9s de call center sont \u00e9quip\u00e9es d\u2019outils tr\u00e8s performants qui leur permettent de r\u00e9pondre \u00e0 l\u2019ensemble de vos demandes pour votre soci\u00e9t\u00e9 en termes de relations externes, mais aussi internes, de marketing, de communication et de gestion de votre client\u00e8le.<\/p>\n","protected":false},"excerpt":{"rendered":"<p>Call center \u00a0, cette anglicisme pour d\u00e9crire l&#8217;activit\u00e9 de centre d&#8217;appels , est un m\u00e9tier \u00e0 part enti\u00e8re qui est peu connu de la plupart des personnes, ou pour dire vrai mal connu. En r\u00e9alit\u00e9, beaucoup de personnes y voient un simple r\u00e9seau t\u00e9l\u00e9phonique qui consiste \u00e0 prospecter, mais le call center regorge de bien [&hellip;]<\/p>\n","protected":false},"author":1,"featured_media":272,"parent":0,"menu_order":0,"comment_status":"closed","ping_status":"closed","template":"","meta":{"_et_pb_use_builder":"","_et_pb_old_content":"","_et_gb_content_width":""},"yoast_head":"<!-- This site is optimized with the Yoast SEO plugin v19.8 - https:\/\/yoast.com\/wordpress\/plugins\/seo\/ -->\n<title>Call center Francophone: choisissez la qualit\u00e9 au : 01.84.88.71.88<\/title>\n<meta name=\"description\" content=\"call center francophone sp\u00e9cialis\u00e9 aussi bien en \u00e9mission qu&#039;en r\u00e9ception d&#039;appels\" \/>\n<meta name=\"robots\" content=\"index, follow, max-snippet:-1, max-image-preview:large, max-video-preview:-1\" \/>\n<link rel=\"canonical\" href=\"https:\/\/leboncall.com\/call-center-francophone\" \/>\n<meta property=\"og:locale\" content=\"en_US\" \/>\n<meta property=\"og:type\" content=\"article\" \/>\n<meta property=\"og:title\" content=\"Call center Francophone: choisissez la qualit\u00e9 au : 01.84.88.71.88\" \/>\n<meta property=\"og:description\" content=\"call center francophone sp\u00e9cialis\u00e9 aussi bien en \u00e9mission qu&#039;en r\u00e9ception d&#039;appels\" \/>\n<meta property=\"og:url\" content=\"https:\/\/leboncall.com\/call-center-francophone\" \/>\n<meta property=\"og:site_name\" content=\"Le Bon Call\" \/>\n<meta property=\"article:publisher\" content=\"https:\/\/www.facebook.com\/CALL-United-1574215429547409\/\" \/>\n<meta property=\"article:modified_time\" content=\"2016-12-14T17:41:19+00:00\" \/>\n<meta property=\"og:image\" content=\"https:\/\/leboncall.com\/wp-content\/uploads\/2016\/08\/icone2.jpg\" \/>\n\t<meta property=\"og:image:width\" content=\"144\" \/>\n\t<meta property=\"og:image:height\" content=\"100\" \/>\n\t<meta property=\"og:image:type\" content=\"image\/jpeg\" \/>\n<meta name=\"twitter:card\" content=\"summary_large_image\" \/>\n<meta name=\"twitter:label1\" content=\"Est. reading time\" \/>\n\t<meta name=\"twitter:data1\" content=\"3 minutes\" \/>\n<script type=\"application\/ld+json\" class=\"yoast-schema-graph\">{\"@context\":\"https:\/\/schema.org\",\"@graph\":[{\"@type\":\"WebPage\",\"@id\":\"https:\/\/leboncall.com\/call-center-francophone\",\"url\":\"https:\/\/leboncall.com\/call-center-francophone\",\"name\":\"Call center Francophone: choisissez la qualit\u00e9 au : 01.84.88.71.88\",\"isPartOf\":{\"@id\":\"https:\/\/leboncall.com\/#website\"},\"datePublished\":\"2016-08-30T19:07:04+00:00\",\"dateModified\":\"2016-12-14T17:41:19+00:00\",\"description\":\"call center francophone sp\u00e9cialis\u00e9 aussi bien en \u00e9mission qu'en r\u00e9ception d'appels\",\"breadcrumb\":{\"@id\":\"https:\/\/leboncall.com\/call-center-francophone#breadcrumb\"},\"inLanguage\":\"en-US\",\"potentialAction\":[{\"@type\":\"ReadAction\",\"target\":[\"https:\/\/leboncall.com\/call-center-francophone\"]}]},{\"@type\":\"BreadcrumbList\",\"@id\":\"https:\/\/leboncall.com\/call-center-francophone#breadcrumb\",\"itemListElement\":[{\"@type\":\"ListItem\",\"position\":1,\"name\":\"Accueil\",\"item\":\"https:\/\/leboncall.com\/\"},{\"@type\":\"ListItem\",\"position\":2,\"name\":\"Call center Francophone\"}]},{\"@type\":\"WebSite\",\"@id\":\"https:\/\/leboncall.com\/#website\",\"url\":\"https:\/\/leboncall.com\/\",\"name\":\"Le Bon Call\",\"description\":\"\",\"publisher\":{\"@id\":\"https:\/\/leboncall.com\/#organization\"},\"potentialAction\":[{\"@type\":\"SearchAction\",\"target\":{\"@type\":\"EntryPoint\",\"urlTemplate\":\"https:\/\/leboncall.com\/?s={search_term_string}\"},\"query-input\":\"required name=search_term_string\"}],\"inLanguage\":\"en-US\"},{\"@type\":\"Organization\",\"@id\":\"https:\/\/leboncall.com\/#organization\",\"name\":\"Call united - call center francophone\",\"url\":\"https:\/\/leboncall.com\/\",\"sameAs\":[\"https:\/\/www.youtube.com\/channel\/UCk3KAkBcDVdoDa6AhTtnkpw\",\"https:\/\/www.facebook.com\/CALL-United-1574215429547409\/\"],\"logo\":{\"@type\":\"ImageObject\",\"inLanguage\":\"en-US\",\"@id\":\"https:\/\/leboncall.com\/#\/schema\/logo\/image\/\",\"url\":\"https:\/\/leboncall.com\/wp-content\/uploads\/2016\/08\/image1.jpg\",\"contentUrl\":\"https:\/\/leboncall.com\/wp-content\/uploads\/2016\/08\/image1.jpg\",\"width\":1600,\"height\":600,\"caption\":\"Call united - call center francophone\"},\"image\":{\"@id\":\"https:\/\/leboncall.com\/#\/schema\/logo\/image\/\"}}]}<\/script>\n<!-- \/ Yoast SEO plugin. -->","yoast_head_json":{"title":"Call center Francophone: choisissez la qualit\u00e9 au : 01.84.88.71.88","description":"call center francophone sp\u00e9cialis\u00e9 aussi bien en \u00e9mission qu'en r\u00e9ception d'appels","robots":{"index":"index","follow":"follow","max-snippet":"max-snippet:-1","max-image-preview":"max-image-preview:large","max-video-preview":"max-video-preview:-1"},"canonical":"https:\/\/leboncall.com\/call-center-francophone","og_locale":"en_US","og_type":"article","og_title":"Call center Francophone: choisissez la qualit\u00e9 au : 01.84.88.71.88","og_description":"call center francophone sp\u00e9cialis\u00e9 aussi bien en \u00e9mission qu'en r\u00e9ception d'appels","og_url":"https:\/\/leboncall.com\/call-center-francophone","og_site_name":"Le Bon Call","article_publisher":"https:\/\/www.facebook.com\/CALL-United-1574215429547409\/","article_modified_time":"2016-12-14T17:41:19+00:00","og_image":[{"width":144,"height":100,"url":"https:\/\/leboncall.com\/wp-content\/uploads\/2016\/08\/icone2.jpg","type":"image\/jpeg"}],"twitter_card":"summary_large_image","twitter_misc":{"Est. reading time":"3 minutes"},"schema":{"@context":"https:\/\/schema.org","@graph":[{"@type":"WebPage","@id":"https:\/\/leboncall.com\/call-center-francophone","url":"https:\/\/leboncall.com\/call-center-francophone","name":"Call center Francophone: choisissez la qualit\u00e9 au : 01.84.88.71.88","isPartOf":{"@id":"https:\/\/leboncall.com\/#website"},"datePublished":"2016-08-30T19:07:04+00:00","dateModified":"2016-12-14T17:41:19+00:00","description":"call center francophone sp\u00e9cialis\u00e9 aussi bien en \u00e9mission qu'en r\u00e9ception d'appels","breadcrumb":{"@id":"https:\/\/leboncall.com\/call-center-francophone#breadcrumb"},"inLanguage":"en-US","potentialAction":[{"@type":"ReadAction","target":["https:\/\/leboncall.com\/call-center-francophone"]}]},{"@type":"BreadcrumbList","@id":"https:\/\/leboncall.com\/call-center-francophone#breadcrumb","itemListElement":[{"@type":"ListItem","position":1,"name":"Accueil","item":"https:\/\/leboncall.com\/"},{"@type":"ListItem","position":2,"name":"Call center Francophone"}]},{"@type":"WebSite","@id":"https:\/\/leboncall.com\/#website","url":"https:\/\/leboncall.com\/","name":"Le Bon Call","description":"","publisher":{"@id":"https:\/\/leboncall.com\/#organization"},"potentialAction":[{"@type":"SearchAction","target":{"@type":"EntryPoint","urlTemplate":"https:\/\/leboncall.com\/?s={search_term_string}"},"query-input":"required name=search_term_string"}],"inLanguage":"en-US"},{"@type":"Organization","@id":"https:\/\/leboncall.com\/#organization","name":"Call united - call center francophone","url":"https:\/\/leboncall.com\/","sameAs":["https:\/\/www.youtube.com\/channel\/UCk3KAkBcDVdoDa6AhTtnkpw","https:\/\/www.facebook.com\/CALL-United-1574215429547409\/"],"logo":{"@type":"ImageObject","inLanguage":"en-US","@id":"https:\/\/leboncall.com\/#\/schema\/logo\/image\/","url":"https:\/\/leboncall.com\/wp-content\/uploads\/2016\/08\/image1.jpg","contentUrl":"https:\/\/leboncall.com\/wp-content\/uploads\/2016\/08\/image1.jpg","width":1600,"height":600,"caption":"Call united - call center francophone"},"image":{"@id":"https:\/\/leboncall.com\/#\/schema\/logo\/image\/"}}]}},"_links":{"self":[{"href":"https:\/\/leboncall.com\/en\/wp-json\/wp\/v2\/pages\/267"}],"collection":[{"href":"https:\/\/leboncall.com\/en\/wp-json\/wp\/v2\/pages"}],"about":[{"href":"https:\/\/leboncall.com\/en\/wp-json\/wp\/v2\/types\/page"}],"author":[{"embeddable":true,"href":"https:\/\/leboncall.com\/en\/wp-json\/wp\/v2\/users\/1"}],"replies":[{"embeddable":true,"href":"https:\/\/leboncall.com\/en\/wp-json\/wp\/v2\/comments?post=267"}],"version-history":[{"count":6,"href":"https:\/\/leboncall.com\/en\/wp-json\/wp\/v2\/pages\/267\/revisions"}],"predecessor-version":[{"id":491,"href":"https:\/\/leboncall.com\/en\/wp-json\/wp\/v2\/pages\/267\/revisions\/491"}],"wp:featuredmedia":[{"embeddable":true,"href":"https:\/\/leboncall.com\/en\/wp-json\/wp\/v2\/media\/272"}],"wp:attachment":[{"href":"https:\/\/leboncall.com\/en\/wp-json\/wp\/v2\/media?parent=267"}],"curies":[{"name":"wp","href":"https:\/\/api.w.org\/{rel}","templated":true}]}}