{"id":2177,"date":"2020-02-29T14:08:32","date_gmt":"2020-02-29T14:08:32","guid":{"rendered":"https:\/\/leboncall.com\/?page_id=2177"},"modified":"2020-02-29T20:37:00","modified_gmt":"2020-02-29T20:37:00","slug":"politique-des-cookies","status":"publish","type":"page","link":"https:\/\/leboncall.com\/en\/politique-des-cookies","title":{"rendered":"politique des cookies"},"content":{"rendered":"<p>[et_pb_section fb_built=&#8221;1&#8243; _builder_version=&#8221;3.22&#8243;][et_pb_row _builder_version=&#8221;3.25&#8243; background_size=&#8221;initial&#8221; background_position=&#8221;top_left&#8221; background_repeat=&#8221;repeat&#8221;][et_pb_column type=&#8221;4_4&#8243; _builder_version=&#8221;3.25&#8243; custom_padding=&#8221;|||&#8221; custom_padding__hover=&#8221;|||&#8221;][et_pb_text _builder_version=&#8221;4.3.4&#8243; background_size=&#8221;initial&#8221; background_position=&#8221;top_left&#8221; background_repeat=&#8221;repeat&#8221;]<\/p>\n<h1>Cookies<\/h1>\n<p>Notre site web utilise des cookies. Un cookie est un fichier contenant un identifiant (une cha\u00eene de lettres et de chiffres) envoy\u00e9 par un serveur web vers un navigateur web et stock\u00e9 par le navigateur. L\u2019identifiant est alors renvoy\u00e9 au serveur \u00e0 chaque fois que le navigateur demande une page au serveur. Les cookies peuvent \u00eatre \u00ab persistants \u00bb ou \u00ab de session \u00bb : un cookie persistant est stock\u00e9 par le navigateur et reste valide jusqu\u2019\u00e0 sa date d\u2019expiration, \u00e0 moins d\u2019\u00eatre supprim\u00e9 par l\u2019utilisateur avant cette date d\u2019expiration ; quant \u00e0 un cookie de session, il expire \u00e0 la fin de la session utilisateur, lors de la fermeture du navigateur. Les cookies ne contiennent en g\u00e9n\u00e9ral aucune information permettant d\u2019identifier personnellement un utilisateur, mais les informations personnelles que nous stockons \u00e0 votre sujet peuvent \u00eatre li\u00e9es aux informations stock\u00e9es dans les cookies et obtenues par les cookies. Nous utilisons que des cookies de session et des cookies persistants sur notre site web.<\/p>\n<p><strong>1. Quels sont les cookies utilis\u00e9s su ce site web ?\u2028<\/strong><br \/>\u2022 _ga, _gat, _gid, pour google analytics<br \/>\u2022 cookie_consent, pour enregistrer votre consentement aux cookies<br \/>\u2022 qtrans_front_language, pour enregistrer la langue courante du site<br \/>\u2022 GPS, PREF, VISITOR_INFO1_LIVE, YSC, pour youtube<br \/>\u2022 __zlcmid, _biz_pendingA, _biz_nA, _biz_flagsA, _ga, _gcl_au, _fbp, optimizelyEndUserId, optimizelyBuckets, csrftoken, _gid, optimizelySegments, __cfduid, _biz_uid, cp_zopim_visited, pour le module chat zopim<\/p>\n<p><strong>\u20282.Comment e\u0301viter l&#8217;utilisation de Cookies sur ce site Internet ?\u2028<\/strong><br \/>Si vous ne souhaitez pas utiliser de cookies sur ce site en tenant compte des limites susmentionne\u0301es, vous devez, tout d&#8217;abord, de\u0301sactiver l&#8217;utilisation de Cookies dans votre navigateur et ensuite supprimer les Cookies enregistre\u0301s sur votre navigateur associe\u0301 a\u0300 ce site Internet.\u2028Vous pouvez effectuer cette ope\u0301ration a\u0300 tout moment.\u2028<\/p>\n<p><strong>3.Comment de\u0301sactiver et empe\u0302cher l&#8217;utilisation des Cookies ?\u2028<\/strong><br \/>Vous pouvez restreindre, bloquer ou supprimer les Cookies de ce site Internet a\u0300 tout moment en modifiant la configuration de votre navigateur comme indique\u0301 ci-apre\u0300s. Puisque les parame\u0300tres sont diffe\u0301rents d&#8217;un navigateur a\u0300 l&#8217;autre, la configuration des Cookies s&#8217;effectue habituellement dans les menus \u00ab Pre\u0301fe\u0301rences \u00bb ou \u00ab Outils \u00bb. Pour de plus amples informations sur la configuration des Cookies dans votre navigateur, veuillez consulter le menu \u00ab Aide \u00bb de ce dernier.\u2028<\/p>\n<p>[\/et_pb_text][\/et_pb_column][\/et_pb_row][\/et_pb_section]<\/p>\n","protected":false},"excerpt":{"rendered":"<p>Cookies Notre site web utilise des cookies. Un cookie est un fichier contenant un identifiant (une cha\u00eene de lettres et de chiffres) envoy\u00e9 par un serveur web vers un navigateur web et stock\u00e9 par le navigateur. L\u2019identifiant est alors renvoy\u00e9 au serveur \u00e0 chaque fois que le navigateur demande une page au serveur. Les cookies [&hellip;]<\/p>\n","protected":false},"author":1,"featured_media":0,"parent":0,"menu_order":0,"comment_status":"closed","ping_status":"closed","template":"","meta":{"_et_pb_use_builder":"on","_et_pb_old_content":"<!-- wp:paragraph -->\r\n<p><strong>A. Introduction<\/strong><\/p>\r\n<!-- \/wp:paragraph -->\r\n\r\n<!-- wp:list {\"ordered\":true} -->\r\n<ol><li>La confidentialit\u00e9 des visiteurs de notre site web est tr\u00e8s importante \u00e0 nos yeux, et nous nous engageons \u00e0 la prot\u00e9ger. Cette politique d\u00e9taille ce que nous faisons de vos informations personnelles.<\/li><li>Consentir \u00e0 notre utilisation de cookies en accord avec cette politique lors de votre premi\u00e8re visite de notre site web nous permet d\u2019utiliser des cookies \u00e0 chaque fois que vous consultez notre site.<\/li><\/ol>\r\n<!-- \/wp:list -->\r\n\r\n<!-- wp:paragraph -->\r\n<p><strong>B. Collecte d\u2019informations personnelles<\/strong><\/p>\r\n<!-- \/wp:paragraph -->\r\n\r\n<!-- wp:paragraph -->\r\n<p>Les types d\u2019informations personnelles suivants peuvent collect\u00e9s, stock\u00e9s et utilis\u00e9s :<\/p>\r\n<!-- \/wp:paragraph -->\r\n\r\n<!-- wp:list {\"ordered\":true} -->\r\n<ol><li>Des informations \u00e0 propos de votre ordinateur, y compris votre adresse IP, votre localisation g\u00e9ographique, le type et la version de votre navigateur, et votre syst\u00e8me d\u2019exploitation ;<\/li><li>Des informations fournies par vous via chaque formulaire en place sur ce site web (ex: nom, t\u00e9l\u00e9phone, email\u2026) ;<\/li><li>Des informations g\u00e9n\u00e9r\u00e9es lors de l\u2019utilisation de notre site, y compris quand, \u00e0 quelle fr\u00e9quence et sous quelles circonstances vous l\u2019utilisez ;<\/li><li>Des informations contenues dans toutes les communications que vous nous envoyez par e-mail ou sur notre site web, y compris leurs contenus et leurs m\u00e9tadonn\u00e9es ;<\/li><li>Toute autre information personnelle que vous nous communiquez.<\/li><\/ol>\r\n<!-- \/wp:list -->\r\n\r\n<!-- wp:paragraph -->\r\n<p>Avant de nous divulguer des informations personnelles concernant une autre personne, vous devez obtenir le consentement de ladite personne en ce qui concerne la divulgation et le traitement de ces informations personnelles selon les termes de cette politique<\/p>\r\n<!-- \/wp:paragraph -->\r\n\r\n<!-- wp:paragraph -->\r\n<p><strong>C. Cookies<\/strong><\/p>\r\n<!-- \/wp:paragraph -->\r\n\r\n<!-- wp:paragraph -->\r\n<p>Notre site web utilise des cookies. Un cookie est un fichier contenant un identifiant (une cha\u00eene de lettres et de chiffres) envoy\u00e9 par un serveur web vers un navigateur web et stock\u00e9 par le navigateur. L\u2019identifiant est alors renvoy\u00e9 au serveur \u00e0 chaque fois que le navigateur demande une page au serveur. Les cookies peuvent \u00eatre \u00ab persistants \u00bb ou \u00ab de session \u00bb : un cookie persistant est stock\u00e9 par le navigateur et reste valide jusqu\u2019\u00e0 sa date d\u2019expiration, \u00e0 moins d\u2019\u00eatre supprim\u00e9 par l\u2019utilisateur avant cette date d\u2019expiration ; quant \u00e0 un cookie de session, il expire \u00e0 la fin de la session utilisateur, lors de la fermeture du navigateur. Les cookies ne contiennent en g\u00e9n\u00e9ral aucune information permettant d\u2019identifier personnellement un utilisateur, mais les informations personnelles que nous stockons \u00e0 votre sujet peuvent \u00eatre li\u00e9es aux informations stock\u00e9es dans les cookies et obtenues par les cookies. Nous utilisons que des cookies de session et des cookies persistants sur notre site web.<\/p>\r\n<!-- \/wp:paragraph -->\r\n\r\n<!-- wp:list {\"ordered\":true} -->\r\n<ol><li>Cookies utilis\u00e9s sur ce site web :<ol><li>_ga, _gat, _gid, pour google analytics<\/li><li>cookie_consent, pour enregistrer votre consentement aux cookies<\/li><li>qtrans_front_language, pour enregistrer la langue courante du site<\/li><li>GPS, PREF, VISITOR_INFO1_LIVE, YSC, pour youtube<\/li><li>__zlcmid, _biz_pendingA, _biz_nA, _biz_flagsA, _ga, _gcl_au, _fbp, optimizelyEndUserId, optimizelyBuckets, csrftoken, _gid, optimizelySegments, __cfduid, _biz_uid, cp_zopim_visited, pour le module chat zopim<\/li><\/ol><\/li><li>La plupart des navigateurs vous permettent de refuser ou d\u2019accepter les cookies. Par exemple:<ol><li>avec Internet Explorer (version 10), vous pouvez bloquer les cookies en utilisant les param\u00e8tres de remplacement de la gestion des cookies disponibles en cliquant sur \u00abOutils\u00bb, \u00abOptions internet\u00bb, \u00abConfidentialit\u00e9\u00bb puis \u00abAvanc\u00e9\u00bb;<\/li><li>avec Firefox (version 24), vous pouvez bloquer tous les cookies en cliquant sur \u00abOutils\u00bb, \u00abOptions\u00bb, \u00abConfidentialit\u00e9\u00bb puis en s\u00e9lectionnant \u00abUtiliser des param\u00e8tres personnalis\u00e9s pour l\u2019historique\u00bb depuis le menu d\u00e9roulant et en d\u00e9cochant \u00abAccepter les cookies provenant des sites\u00bb; et<\/li><li>avec Chrome (version 29), vous pouvez bloquer tous les cookies en acc\u00e9dant au menu \u00abPersonnaliser et contr\u00f4ler\u00bb puis en cliquant sur \u00abParam\u00e8tres\u00bb, \u00abMontrer les param\u00e8tres avanc\u00e9s\u00bb et \u00abParam\u00e8tres de contenu\u00bb puis en s\u00e9lectionnant \u00abEmp\u00eacher les sites de d\u00e9finir des donn\u00e9es\u00bb dans l\u2019en-t\u00eate \u00abCookies\u00bb.<\/li><\/ol><\/li><\/ol>\r\n<!-- \/wp:list -->\r\n\r\n<!-- wp:paragraph -->\r\n<p>Bloquer tous les cookies aura un impact n\u00e9gatif sur l\u2019utilisation de nombreux sites web. Si vous bloquez les cookies, vous ne pourrez pas utiliser toutes les fonctionnalit\u00e9s de notre site web.<\/p>\r\n<!-- \/wp:paragraph -->\r\n\r\n<!-- wp:paragraph -->\r\n<p>3. Vous pouvez supprimer les cookies d\u00e9j\u00e0 stock\u00e9s sur votre ordinateur. Exemple:<\/p>\r\n<!-- \/wp:paragraph -->\r\n\r\n<!-- wp:list {\"ordered\":true} -->\r\n<ol><li>avec Internet Explorer (version 10), vous devez supprimer le fichier cookies manuellement (vous pourrez trouver des instructions pour le faire ici <a href=\"http:\/\/support.microsoft.com\/kb\/278835\">http:\/\/support.microsoft.com\/kb\/278835<\/a>);<\/li><li>avec Firefox (version 24), vous pouvez supprimer les cookies en cliquant sur \u00abOutils\u00bb, \u00abOptions\u00bb, et \u00abConfidentialit\u00e9\u00bb, puis en s\u00e9lectionnant \u00abUtiliser des param\u00e8tres personnalis\u00e9s pour l\u2019historique\u00bb et en cliquant sur \u00abMontrer les cookies\u00bb, puis sur \u00abSupprimer tous les cookies\u00bb; et<\/li><li>avec Chrome (version 29), vous pouvez supprimer tous les cookies en acc\u00e9dant au menu \u00abPersonnaliser et contr\u00f4ler\u00bb puis en cliquant sur \u00abParam\u00e8tres\u00bb, \u00ab Montrer les param\u00e8tres avanc\u00e9s \u00bb et \u00abSupprimer les donn\u00e9es de navigation\u00bb puis \u00abSupprimer les cookies et les donn\u00e9es des modules d\u2019autres sites\u00bb avant de cliquer sur \u00abSupprimer les donn\u00e9es de navigation.<\/li><\/ol>\r\n<!-- \/wp:list -->\r\n\r\n<!-- wp:paragraph -->\r\n<p>4. Supprimer les cookies aura un impact n\u00e9gatif sur l\u2019utilisation de nombreux sites web.<\/p>\r\n<!-- \/wp:paragraph -->\r\n\r\n<!-- wp:paragraph -->\r\n<p><\/p>\r\n<!-- \/wp:paragraph -->\r\n\r\n<!-- wp:paragraph -->\r\n<p><\/p>\r\n<!-- \/wp:paragraph -->\r\n\r\n<!-- wp:paragraph -->\r\n<p><\/p>\r\n<!-- \/wp:paragraph -->","_et_gb_content_width":"1080"},"yoast_head":"<!-- This site is optimized with the Yoast SEO plugin v19.8 - https:\/\/yoast.com\/wordpress\/plugins\/seo\/ -->\n<title>politique des cookies - Le Bon Call<\/title>\n<meta name=\"robots\" content=\"index, follow, max-snippet:-1, max-image-preview:large, max-video-preview:-1\" \/>\n<link rel=\"canonical\" href=\"https:\/\/leboncall.com\/politique-des-cookies\" \/>\n<meta property=\"og:locale\" content=\"en_US\" \/>\n<meta property=\"og:type\" content=\"article\" \/>\n<meta property=\"og:title\" content=\"politique des cookies - Le Bon Call\" \/>\n<meta property=\"og:description\" content=\"Cookies Notre site web utilise des cookies. Un cookie est un fichier contenant un identifiant (une cha\u00eene de lettres et de chiffres) envoy\u00e9 par un serveur web vers un navigateur web et stock\u00e9 par le navigateur. L\u2019identifiant est alors renvoy\u00e9 au serveur \u00e0 chaque fois que le navigateur demande une page au serveur. Les cookies [&hellip;]\" \/>\n<meta property=\"og:url\" content=\"https:\/\/leboncall.com\/politique-des-cookies\" \/>\n<meta property=\"og:site_name\" content=\"Le Bon Call\" \/>\n<meta property=\"article:publisher\" content=\"https:\/\/www.facebook.com\/CALL-United-1574215429547409\/\" \/>\n<meta property=\"article:modified_time\" content=\"2020-02-29T20:37:00+00:00\" \/>\n<meta name=\"twitter:card\" content=\"summary_large_image\" \/>\n<meta name=\"twitter:label1\" content=\"Est. reading time\" \/>\n\t<meta name=\"twitter:data1\" content=\"2 minutes\" \/>\n<script type=\"application\/ld+json\" class=\"yoast-schema-graph\">{\"@context\":\"https:\/\/schema.org\",\"@graph\":[{\"@type\":\"WebPage\",\"@id\":\"https:\/\/leboncall.com\/politique-des-cookies\",\"url\":\"https:\/\/leboncall.com\/politique-des-cookies\",\"name\":\"politique des cookies - Le Bon Call\",\"isPartOf\":{\"@id\":\"https:\/\/leboncall.com\/#website\"},\"datePublished\":\"2020-02-29T14:08:32+00:00\",\"dateModified\":\"2020-02-29T20:37:00+00:00\",\"breadcrumb\":{\"@id\":\"https:\/\/leboncall.com\/politique-des-cookies#breadcrumb\"},\"inLanguage\":\"en-US\",\"potentialAction\":[{\"@type\":\"ReadAction\",\"target\":[\"https:\/\/leboncall.com\/politique-des-cookies\"]}]},{\"@type\":\"BreadcrumbList\",\"@id\":\"https:\/\/leboncall.com\/politique-des-cookies#breadcrumb\",\"itemListElement\":[{\"@type\":\"ListItem\",\"position\":1,\"name\":\"Accueil\",\"item\":\"https:\/\/leboncall.com\/\"},{\"@type\":\"ListItem\",\"position\":2,\"name\":\"politique des cookies\"}]},{\"@type\":\"WebSite\",\"@id\":\"https:\/\/leboncall.com\/#website\",\"url\":\"https:\/\/leboncall.com\/\",\"name\":\"Le Bon Call\",\"description\":\"\",\"publisher\":{\"@id\":\"https:\/\/leboncall.com\/#organization\"},\"potentialAction\":[{\"@type\":\"SearchAction\",\"target\":{\"@type\":\"EntryPoint\",\"urlTemplate\":\"https:\/\/leboncall.com\/?s={search_term_string}\"},\"query-input\":\"required name=search_term_string\"}],\"inLanguage\":\"en-US\"},{\"@type\":\"Organization\",\"@id\":\"https:\/\/leboncall.com\/#organization\",\"name\":\"Call united - call center francophone\",\"url\":\"https:\/\/leboncall.com\/\",\"sameAs\":[\"https:\/\/www.youtube.com\/channel\/UCk3KAkBcDVdoDa6AhTtnkpw\",\"https:\/\/www.facebook.com\/CALL-United-1574215429547409\/\"],\"logo\":{\"@type\":\"ImageObject\",\"inLanguage\":\"en-US\",\"@id\":\"https:\/\/leboncall.com\/#\/schema\/logo\/image\/\",\"url\":\"https:\/\/leboncall.com\/wp-content\/uploads\/2016\/08\/image1.jpg\",\"contentUrl\":\"https:\/\/leboncall.com\/wp-content\/uploads\/2016\/08\/image1.jpg\",\"width\":1600,\"height\":600,\"caption\":\"Call united - call center francophone\"},\"image\":{\"@id\":\"https:\/\/leboncall.com\/#\/schema\/logo\/image\/\"}}]}<\/script>\n<!-- \/ Yoast SEO plugin. -->","yoast_head_json":{"title":"politique des cookies - Le Bon Call","robots":{"index":"index","follow":"follow","max-snippet":"max-snippet:-1","max-image-preview":"max-image-preview:large","max-video-preview":"max-video-preview:-1"},"canonical":"https:\/\/leboncall.com\/politique-des-cookies","og_locale":"en_US","og_type":"article","og_title":"politique des cookies - Le Bon Call","og_description":"Cookies Notre site web utilise des cookies. Un cookie est un fichier contenant un identifiant (une cha\u00eene de lettres et de chiffres) envoy\u00e9 par un serveur web vers un navigateur web et stock\u00e9 par le navigateur. L\u2019identifiant est alors renvoy\u00e9 au serveur \u00e0 chaque fois que le navigateur demande une page au serveur. Les cookies [&hellip;]","og_url":"https:\/\/leboncall.com\/politique-des-cookies","og_site_name":"Le Bon Call","article_publisher":"https:\/\/www.facebook.com\/CALL-United-1574215429547409\/","article_modified_time":"2020-02-29T20:37:00+00:00","twitter_card":"summary_large_image","twitter_misc":{"Est. reading time":"2 minutes"},"schema":{"@context":"https:\/\/schema.org","@graph":[{"@type":"WebPage","@id":"https:\/\/leboncall.com\/politique-des-cookies","url":"https:\/\/leboncall.com\/politique-des-cookies","name":"politique des cookies - Le Bon Call","isPartOf":{"@id":"https:\/\/leboncall.com\/#website"},"datePublished":"2020-02-29T14:08:32+00:00","dateModified":"2020-02-29T20:37:00+00:00","breadcrumb":{"@id":"https:\/\/leboncall.com\/politique-des-cookies#breadcrumb"},"inLanguage":"en-US","potentialAction":[{"@type":"ReadAction","target":["https:\/\/leboncall.com\/politique-des-cookies"]}]},{"@type":"BreadcrumbList","@id":"https:\/\/leboncall.com\/politique-des-cookies#breadcrumb","itemListElement":[{"@type":"ListItem","position":1,"name":"Accueil","item":"https:\/\/leboncall.com\/"},{"@type":"ListItem","position":2,"name":"politique des cookies"}]},{"@type":"WebSite","@id":"https:\/\/leboncall.com\/#website","url":"https:\/\/leboncall.com\/","name":"Le Bon Call","description":"","publisher":{"@id":"https:\/\/leboncall.com\/#organization"},"potentialAction":[{"@type":"SearchAction","target":{"@type":"EntryPoint","urlTemplate":"https:\/\/leboncall.com\/?s={search_term_string}"},"query-input":"required name=search_term_string"}],"inLanguage":"en-US"},{"@type":"Organization","@id":"https:\/\/leboncall.com\/#organization","name":"Call united - call center francophone","url":"https:\/\/leboncall.com\/","sameAs":["https:\/\/www.youtube.com\/channel\/UCk3KAkBcDVdoDa6AhTtnkpw","https:\/\/www.facebook.com\/CALL-United-1574215429547409\/"],"logo":{"@type":"ImageObject","inLanguage":"en-US","@id":"https:\/\/leboncall.com\/#\/schema\/logo\/image\/","url":"https:\/\/leboncall.com\/wp-content\/uploads\/2016\/08\/image1.jpg","contentUrl":"https:\/\/leboncall.com\/wp-content\/uploads\/2016\/08\/image1.jpg","width":1600,"height":600,"caption":"Call united - call center francophone"},"image":{"@id":"https:\/\/leboncall.com\/#\/schema\/logo\/image\/"}}]}},"_links":{"self":[{"href":"https:\/\/leboncall.com\/en\/wp-json\/wp\/v2\/pages\/2177"}],"collection":[{"href":"https:\/\/leboncall.com\/en\/wp-json\/wp\/v2\/pages"}],"about":[{"href":"https:\/\/leboncall.com\/en\/wp-json\/wp\/v2\/types\/page"}],"author":[{"embeddable":true,"href":"https:\/\/leboncall.com\/en\/wp-json\/wp\/v2\/users\/1"}],"replies":[{"embeddable":true,"href":"https:\/\/leboncall.com\/en\/wp-json\/wp\/v2\/comments?post=2177"}],"version-history":[{"count":20,"href":"https:\/\/leboncall.com\/en\/wp-json\/wp\/v2\/pages\/2177\/revisions"}],"predecessor-version":[{"id":2255,"href":"https:\/\/leboncall.com\/en\/wp-json\/wp\/v2\/pages\/2177\/revisions\/2255"}],"wp:attachment":[{"href":"https:\/\/leboncall.com\/en\/wp-json\/wp\/v2\/media?parent=2177"}],"curies":[{"name":"wp","href":"https:\/\/api.w.org\/{rel}","templated":true}]}}