{"id":2043,"date":"2019-10-31T09:44:47","date_gmt":"2019-10-31T09:44:47","guid":{"rendered":"https:\/\/leboncall.com\/?page_id=2043"},"modified":"2019-11-18T16:25:20","modified_gmt":"2019-11-18T16:25:20","slug":"faq","status":"publish","type":"page","link":"https:\/\/leboncall.com\/en\/faq","title":{"rendered":"(Fran\u00e7ais) FAQ"},"content":{"rendered":"<p>[et_pb_section fb_built=&#8221;1&#8243; admin_label=&#8221;section&#8221;][et_pb_row admin_label=&#8221;row&#8221;][et_pb_column type=&#8221;4_4&#8243; parallax=&#8221;off&#8221; parallax_method=&#8221;on&#8221;][et_pb_accordion admin_label=&#8221;Accord\u00e9on&#8221;][et_pb_accordion_item title=&#8221;Qu&#8217;est-ce que Le Bon Call ?&#8221; open=&#8221;on&#8221;]<\/p>\n<p class=\"\">Le Bon Call est ce call center\u00a0qui a pour mission\u00a0<span style=\"font-size: 14px; background-color: #ffffff;\">de fournir aux entreprises souhaitant utiliser les\u00a0<\/span><strong style=\"font-size: 14px; background-color: #ffffff;\">services de t\u00e9l\u00e9op\u00e9rateurs<\/strong><span style=\"font-size: 14px; background-color: #ffffff;\">, le meilleur service. C\u2019est-\u00e0-dire le service appropri\u00e9 \u00e0 leur\u00a0<\/span><strong style=\"font-size: 14px; background-color: #ffffff;\">besoin.<\/strong><\/p>\n<p>[\/et_pb_accordion_item][et_pb_accordion_item title=&#8221;Qu&#8217;est-ce qu&#8217;un t\u00e9l\u00e9op\u00e9rateur ?&#8221; open=&#8221;off&#8221;]<\/p>\n<p class=\"\">Le t\u00e9l\u00e9op\u00e9rateur est un employ\u00e9 travaillant dans un call center. Ses t\u00e2ches consistent \u00e0 contacter les clients ou prospects d&#8217;une entreprise afin de leur proposer des services et produits. Celui-ci peut \u00e9mettre ou recevoir des appels en fonction des missions qu&#8217;il aura \u00e0 accomplir.<\/p>\n<p>[\/et_pb_accordion_item][et_pb_accordion_item title=&#8221;Quel est le r\u00f4le du t\u00e9l\u00e9op\u00e9rateur dans le Programme Isolation \u00e0 1 Euro ?&#8221; open=&#8221;off&#8221;]<\/p>\n<p class=\"\"><span style=\"font-size: 14px; background-color: #ffffff;\">Tout d&#8217;abord, il faut savoir que l\u2019isolation \u00e0 1 Euro est un programme financ\u00e9 par les\u00a0<\/span><span style=\"background-color: #ffffff; font-size: 14px;\">\u00ab\u00a0grands pollueurs\u00a0\u00bb, en direction des m\u00e9nages. Initi\u00e9 par le gouvernement, l&#8217;objectif ici est d&#8217;accompagner\u00a0ces m\u00e9nages pour ce qui est de l&#8217;\u00e9conomie d&#8217;\u00e9nergie.<\/span><\/p>\n<p class=\"\"><span style=\"background-color: #ffffff; font-size: 14px;\">Le r\u00f4le du t\u00e9l\u00e9op\u00e9rateur dans le processus est : <\/span><\/p>\n<p class=\"\"><span style=\"background-color: #ffffff; font-size: 14px;\">&#8211; D&#8217;appeler les prospects gr\u00e2ce aux bases de donn\u00e9es disponibles;<\/span><\/p>\n<p class=\"\"><span style=\"background-color: #ffffff; font-size: 14px;\">&#8211; De v\u00e9rifier avec eux leur \u00e9ligibilit\u00e9 au Programme;<\/span><\/p>\n<p class=\"\"><span style=\"background-color: #ffffff; font-size: 14px;\">&#8211; S&#8217;ils sont \u00e9ligibles, caler un RDV pour le passage des installateurs. Sinon, leur souhaiter une bonne journ\u00e9e \ud83d\ude42<\/span><\/p>\n<p>[\/et_pb_accordion_item][\/et_pb_accordion][\/et_pb_column][\/et_pb_row][et_pb_row admin_label=&#8221;row&#8221;][et_pb_column type=&#8221;4_4&#8243; parallax=&#8221;off&#8221; parallax_method=&#8221;on&#8221;][et_pb_accordion admin_label=&#8221;Accord\u00e9on&#8221;][et_pb_accordion_item title=&#8221;Quel est le r\u00f4le d&#8217;un superviseur dans un call center ?&#8221; open=&#8221;off&#8221;]<\/p>\n<p class=\"\"><span style=\"font-size: 14px; background-color: #ffffff;\">Le superviseur est le<\/span><strong style=\"background-color: #ffffff; font-size: 14px;\">&nbsp;premier niveau d&rsquo;encadrement dans un centre d&rsquo;appels.<\/strong><span style=\"font-size: 14px; background-color: #ffffff;\">&nbsp;C&rsquo;est &agrave; lui que revient la charge de g&eacute;rer les t&eacute;l&eacute;conseillers jour apr&egrave;s jour. Le superviseur<\/span><span style=\"font-size: 14px; background-color: #ffffff;\">&nbsp;est en effet le<\/span><strong style=\"font-size: 14px; background-color: #ffffff;\">&nbsp;premier niveau d&rsquo;encadrement dans un centre d&rsquo;appels.<\/strong><span style=\"font-size: 14px; background-color: #ffffff;\">&nbsp;C&rsquo;est &agrave; lui que revient la charge de g&eacute;rer les t&eacute;l&eacute;conseillers jour apr&egrave;s jour. De ce fait, il se charge entre autres:<\/span><\/p>\n<p class=\"\"><span style=\"font-size: 14px; background-color: #ffffff;\">&#8211; du reporting journalier et transmet les statitiques &agrave; la hi&eacute;rarchie;<\/span><\/p>\n<p class=\"\"><span style=\"font-size: 14px; background-color: #ffffff;\">&#8211; de la&nbsp;<\/span><span style=\"background-color: #ffffff; font-size: 14px;\">veille de l&rsquo;atteinte des objectifs fix&eacute;s;<\/span><\/p>\n<p class=\"\"><span style=\"font-size: 14px; background-color: #ffffff;\">&#8211; de<\/span><span style=\"background-color: #ffffff; font-size: 14px;\">&nbsp;la satisfaction client ainsi que de la qualit&eacute; du discours client par des &eacute;coutes;<\/span><\/p>\n<p class=\"\"><span style=\"background-color: #ffffff; font-size: 14px;\">&#8211; du planning et des r&eacute;clamations des t&eacute;l&eacute;acteurs.<\/span><\/p>\n<p>[\/et_pb_accordion_item][et_pb_accordion_item open=&#8221;off&#8221;][\/et_pb_accordion_item][et_pb_accordion_item open=&#8221;on&#8221;]<\/p>\n<p><span style=\"font-size: 14px; background-color: #ffffff;\"><\/span><\/p>\n<p>[\/et_pb_accordion_item][\/et_pb_accordion][\/et_pb_column][\/et_pb_row][\/et_pb_section][et_pb_section fb_built=&#8221;1&#8243;][\/et_pb_section][et_pb_section fb_built=&#8221;1&#8243;][\/et_pb_section][et_pb_section fb_built=&#8221;1&#8243; admin_label=&#8221;section&#8221;][\/et_pb_section]<\/p>","protected":false},"excerpt":{"rendered":"<p>Le Bon Call est ce call center\u00a0qui a pour mission\u00a0de fournir aux entreprises souhaitant utiliser les\u00a0services de t\u00e9l\u00e9op\u00e9rateurs, le meilleur service. C\u2019est-\u00e0-dire le service appropri\u00e9 \u00e0 leur\u00a0besoin. Le t\u00e9l\u00e9op\u00e9rateur est un employ\u00e9 travaillant dans un call center. Ses t\u00e2ches consistent \u00e0 contacter les clients ou prospects d&#8217;une entreprise afin de leur proposer des services et [&hellip;]<\/p>\n","protected":false},"author":1,"featured_media":0,"parent":0,"menu_order":0,"comment_status":"closed","ping_status":"closed","template":"","meta":{"_et_pb_use_builder":"on","_et_pb_old_content":"","_et_gb_content_width":""},"yoast_head":"<!-- This site is optimized with the Yoast SEO plugin v19.8 - https:\/\/yoast.com\/wordpress\/plugins\/seo\/ -->\n<title>(Fran\u00e7ais) FAQ - Le Bon Call<\/title>\n<meta name=\"robots\" content=\"index, follow, max-snippet:-1, max-image-preview:large, max-video-preview:-1\" \/>\n<link rel=\"canonical\" href=\"https:\/\/leboncall.com\/faq\" \/>\n<meta property=\"og:locale\" content=\"en_US\" \/>\n<meta property=\"og:type\" content=\"article\" \/>\n<meta property=\"og:title\" content=\"(Fran\u00e7ais) FAQ - Le Bon Call\" \/>\n<meta property=\"og:description\" content=\"Le Bon Call est ce call center\u00a0qui a pour mission\u00a0de fournir aux entreprises souhaitant utiliser les\u00a0services de t\u00e9l\u00e9op\u00e9rateurs, le meilleur service. C\u2019est-\u00e0-dire le service appropri\u00e9 \u00e0 leur\u00a0besoin. Le t\u00e9l\u00e9op\u00e9rateur est un employ\u00e9 travaillant dans un call center. Ses t\u00e2ches consistent \u00e0 contacter les clients ou prospects d&#039;une entreprise afin de leur proposer des services et [&hellip;]\" \/>\n<meta property=\"og:url\" content=\"https:\/\/leboncall.com\/faq\" \/>\n<meta property=\"og:site_name\" content=\"Le Bon Call\" \/>\n<meta property=\"article:publisher\" content=\"https:\/\/www.facebook.com\/CALL-United-1574215429547409\/\" \/>\n<meta property=\"article:modified_time\" content=\"2019-11-18T16:25:20+00:00\" \/>\n<meta name=\"twitter:card\" content=\"summary_large_image\" \/>\n<meta name=\"twitter:label1\" content=\"Est. reading time\" \/>\n\t<meta name=\"twitter:data1\" content=\"5 minutes\" \/>\n<script type=\"application\/ld+json\" class=\"yoast-schema-graph\">{\"@context\":\"https:\/\/schema.org\",\"@graph\":[{\"@type\":\"WebPage\",\"@id\":\"https:\/\/leboncall.com\/faq\",\"url\":\"https:\/\/leboncall.com\/faq\",\"name\":\"(Fran\u00e7ais) FAQ - Le Bon Call\",\"isPartOf\":{\"@id\":\"https:\/\/leboncall.com\/#website\"},\"datePublished\":\"2019-10-31T09:44:47+00:00\",\"dateModified\":\"2019-11-18T16:25:20+00:00\",\"breadcrumb\":{\"@id\":\"https:\/\/leboncall.com\/faq#breadcrumb\"},\"inLanguage\":\"en-US\",\"potentialAction\":[{\"@type\":\"ReadAction\",\"target\":[\"https:\/\/leboncall.com\/faq\"]}]},{\"@type\":\"BreadcrumbList\",\"@id\":\"https:\/\/leboncall.com\/faq#breadcrumb\",\"itemListElement\":[{\"@type\":\"ListItem\",\"position\":1,\"name\":\"Accueil\",\"item\":\"https:\/\/leboncall.com\/\"},{\"@type\":\"ListItem\",\"position\":2,\"name\":\"FAQ\"}]},{\"@type\":\"WebSite\",\"@id\":\"https:\/\/leboncall.com\/#website\",\"url\":\"https:\/\/leboncall.com\/\",\"name\":\"Le Bon Call\",\"description\":\"\",\"publisher\":{\"@id\":\"https:\/\/leboncall.com\/#organization\"},\"potentialAction\":[{\"@type\":\"SearchAction\",\"target\":{\"@type\":\"EntryPoint\",\"urlTemplate\":\"https:\/\/leboncall.com\/?s={search_term_string}\"},\"query-input\":\"required name=search_term_string\"}],\"inLanguage\":\"en-US\"},{\"@type\":\"Organization\",\"@id\":\"https:\/\/leboncall.com\/#organization\",\"name\":\"Call united - call center francophone\",\"url\":\"https:\/\/leboncall.com\/\",\"sameAs\":[\"https:\/\/www.youtube.com\/channel\/UCk3KAkBcDVdoDa6AhTtnkpw\",\"https:\/\/www.facebook.com\/CALL-United-1574215429547409\/\"],\"logo\":{\"@type\":\"ImageObject\",\"inLanguage\":\"en-US\",\"@id\":\"https:\/\/leboncall.com\/#\/schema\/logo\/image\/\",\"url\":\"https:\/\/leboncall.com\/wp-content\/uploads\/2016\/08\/image1.jpg\",\"contentUrl\":\"https:\/\/leboncall.com\/wp-content\/uploads\/2016\/08\/image1.jpg\",\"width\":1600,\"height\":600,\"caption\":\"Call united - call center francophone\"},\"image\":{\"@id\":\"https:\/\/leboncall.com\/#\/schema\/logo\/image\/\"}}]}<\/script>\n<!-- \/ Yoast SEO plugin. -->","yoast_head_json":{"title":"(Fran\u00e7ais) FAQ - Le Bon Call","robots":{"index":"index","follow":"follow","max-snippet":"max-snippet:-1","max-image-preview":"max-image-preview:large","max-video-preview":"max-video-preview:-1"},"canonical":"https:\/\/leboncall.com\/faq","og_locale":"en_US","og_type":"article","og_title":"(Fran\u00e7ais) FAQ - Le Bon Call","og_description":"Le Bon Call est ce call center\u00a0qui a pour mission\u00a0de fournir aux entreprises souhaitant utiliser les\u00a0services de t\u00e9l\u00e9op\u00e9rateurs, le meilleur service. C\u2019est-\u00e0-dire le service appropri\u00e9 \u00e0 leur\u00a0besoin. Le t\u00e9l\u00e9op\u00e9rateur est un employ\u00e9 travaillant dans un call center. Ses t\u00e2ches consistent \u00e0 contacter les clients ou prospects d'une entreprise afin de leur proposer des services et [&hellip;]","og_url":"https:\/\/leboncall.com\/faq","og_site_name":"Le Bon Call","article_publisher":"https:\/\/www.facebook.com\/CALL-United-1574215429547409\/","article_modified_time":"2019-11-18T16:25:20+00:00","twitter_card":"summary_large_image","twitter_misc":{"Est. reading time":"5 minutes"},"schema":{"@context":"https:\/\/schema.org","@graph":[{"@type":"WebPage","@id":"https:\/\/leboncall.com\/faq","url":"https:\/\/leboncall.com\/faq","name":"(Fran\u00e7ais) FAQ - Le Bon Call","isPartOf":{"@id":"https:\/\/leboncall.com\/#website"},"datePublished":"2019-10-31T09:44:47+00:00","dateModified":"2019-11-18T16:25:20+00:00","breadcrumb":{"@id":"https:\/\/leboncall.com\/faq#breadcrumb"},"inLanguage":"en-US","potentialAction":[{"@type":"ReadAction","target":["https:\/\/leboncall.com\/faq"]}]},{"@type":"BreadcrumbList","@id":"https:\/\/leboncall.com\/faq#breadcrumb","itemListElement":[{"@type":"ListItem","position":1,"name":"Accueil","item":"https:\/\/leboncall.com\/"},{"@type":"ListItem","position":2,"name":"FAQ"}]},{"@type":"WebSite","@id":"https:\/\/leboncall.com\/#website","url":"https:\/\/leboncall.com\/","name":"Le Bon Call","description":"","publisher":{"@id":"https:\/\/leboncall.com\/#organization"},"potentialAction":[{"@type":"SearchAction","target":{"@type":"EntryPoint","urlTemplate":"https:\/\/leboncall.com\/?s={search_term_string}"},"query-input":"required name=search_term_string"}],"inLanguage":"en-US"},{"@type":"Organization","@id":"https:\/\/leboncall.com\/#organization","name":"Call united - call center francophone","url":"https:\/\/leboncall.com\/","sameAs":["https:\/\/www.youtube.com\/channel\/UCk3KAkBcDVdoDa6AhTtnkpw","https:\/\/www.facebook.com\/CALL-United-1574215429547409\/"],"logo":{"@type":"ImageObject","inLanguage":"en-US","@id":"https:\/\/leboncall.com\/#\/schema\/logo\/image\/","url":"https:\/\/leboncall.com\/wp-content\/uploads\/2016\/08\/image1.jpg","contentUrl":"https:\/\/leboncall.com\/wp-content\/uploads\/2016\/08\/image1.jpg","width":1600,"height":600,"caption":"Call united - call center francophone"},"image":{"@id":"https:\/\/leboncall.com\/#\/schema\/logo\/image\/"}}]}},"_links":{"self":[{"href":"https:\/\/leboncall.com\/en\/wp-json\/wp\/v2\/pages\/2043"}],"collection":[{"href":"https:\/\/leboncall.com\/en\/wp-json\/wp\/v2\/pages"}],"about":[{"href":"https:\/\/leboncall.com\/en\/wp-json\/wp\/v2\/types\/page"}],"author":[{"embeddable":true,"href":"https:\/\/leboncall.com\/en\/wp-json\/wp\/v2\/users\/1"}],"replies":[{"embeddable":true,"href":"https:\/\/leboncall.com\/en\/wp-json\/wp\/v2\/comments?post=2043"}],"version-history":[{"count":14,"href":"https:\/\/leboncall.com\/en\/wp-json\/wp\/v2\/pages\/2043\/revisions"}],"predecessor-version":[{"id":2080,"href":"https:\/\/leboncall.com\/en\/wp-json\/wp\/v2\/pages\/2043\/revisions\/2080"}],"wp:attachment":[{"href":"https:\/\/leboncall.com\/en\/wp-json\/wp\/v2\/media?parent=2043"}],"curies":[{"name":"wp","href":"https:\/\/api.w.org\/{rel}","templated":true}]}}