{"id":1378,"date":"2019-01-30T15:04:01","date_gmt":"2019-01-30T15:04:01","guid":{"rendered":"https:\/\/leboncall.com\/?page_id=1378"},"modified":"2023-09-07T09:37:34","modified_gmt":"2023-09-07T09:37:34","slug":"lead","status":"publish","type":"page","link":"https:\/\/leboncall.com\/en\/lead","title":{"rendered":"Lead"},"content":{"rendered":"<p>[et_pb_section fb_built=&#8221;1&#8243; disabled_on=&#8221;off|off|off&#8221; admin_label=&#8221;section&#8221; _builder_version=&#8221;4.16&#8243; global_colors_info=&#8221;{}&#8221;][et_pb_row column_structure=&#8221;2_3,1_3&#8243; admin_label=&#8221;row&#8221; _builder_version=&#8221;4.16&#8243; background_size=&#8221;initial&#8221; background_position=&#8221;top_left&#8221; background_repeat=&#8221;repeat&#8221; global_colors_info=&#8221;{}&#8221;][et_pb_column type=&#8221;2_3&#8243; _builder_version=&#8221;4.16&#8243; custom_padding=&#8221;|||&#8221; global_colors_info=&#8221;{}&#8221; custom_padding__hover=&#8221;|||&#8221;][et_pb_text _builder_version=&#8221;4.22.1&#8243; _module_preset=&#8221;default&#8221; hover_enabled=&#8221;0&#8243; sticky_enabled=&#8221;0&#8243;]<\/p>\n<h2 style=\"text-align: center;\">D\u00e9crivez-nous votre besoin<\/h2>\n<p>[\/et_pb_text][et_pb_code _builder_version=&#8221;4.22.1&#8243; _module_preset=&#8221;default&#8221; global_colors_info=&#8221;{}&#8221;]\n                <form method=\"post\" action=\"#sellsy-message\" id=\"form_contact\" class=\"form_contact_1\">\n                        <input type=\"hidden\" id=\"_wpnonce_sellsy_contact_add\" name=\"_wpnonce_sellsy_contact_add\" value=\"3bda18bc85\" \/><input type=\"hidden\" name=\"_wp_http_referer\" value=\"\/en\/wp-json\/wp\/v2\/pages\/1378\" \/>\n                    <noscript>\n                        <input name=\"js_disabled\" type=\"hidden\" value=\"1\">\n                    <\/noscript>\n                    <input type=\"hidden\" name=\"contact_form_id\" value=\"1\">\n                        <label>Nom *<\/label>\n                        <input type=\"text\" name=\"contact_form_contact_lastname\" value=\"\" id=\"contact_form_contact_lastname\" required>\n                        <label>Email *<\/label>\n                        <input type=\"email\" name=\"contact_form_contact_email\" value=\"\" id=\"contact_form_contact_email\" required>\n                        <label>T\u00e9l\u00e9phone <\/label>\n                        <input type=\"text\" name=\"contact_form_contact_phone_1\" value=\"\" id=\"contact_form_contact_phone_1\">\n                        <p class=\"contact_form_contact_phone_1_error sellsy-error-message sellsy-hidden\">\n                            Votre t\u00e9l\u00e9phone n\u2019est pas valide.\n                        <\/p>\n                    <a href=\"javascript:;\" id=\"sellsy_btn_contact\" class=\"btn\">\ud83d\ude80 ENVOYER<\/a>\n                <\/form>[\/et_pb_code][\/et_pb_column][et_pb_column type=&#8221;1_3&#8243; _builder_version=&#8221;4.16&#8243; custom_padding=&#8221;|||&#8221; global_colors_info=&#8221;{}&#8221; custom_padding__hover=&#8221;|||&#8221;][et_pb_text admin_label=&#8221;Texte&#8221; _builder_version=&#8221;4.22.1&#8243; background_size=&#8221;initial&#8221; background_position=&#8221;top_left&#8221; background_repeat=&#8221;repeat&#8221; use_border_color=&#8221;off&#8221; border_color=&#8221;#ffffff&#8221; border_style=&#8221;solid&#8221; global_colors_info=&#8221;{}&#8221;]<\/p>\n<p><strong>Vous recherchez des prospects quantitatifs\u00a0? Vous recherchez des leads de qualit\u00e9 ? \u00cates-vous \u00e0 la recherche de leads exclusifs ?<\/strong><\/p>\n<p>Remplissez simplement le formulaire de contact ci-dessous, et donnez-nous un maximum d&#8217;informations, nous nous occupons du reste et nous vous rappelons !!<\/p>\n<p>[\/et_pb_text][et_pb_image src=&#8221;https:\/\/leboncall.com\/wp-content\/uploads\/2019\/01\/leads.jpg&#8221; align_tablet=&#8221;center&#8221; align_phone=&#8221;&#8221; align_last_edited=&#8221;on|desktop&#8221; admin_label=&#8221;Image&#8221; _builder_version=&#8221;4.16&#8243; animation_style=&#8221;slide&#8221; animation_direction=&#8221;left&#8221; animation_duration=&#8221;500ms&#8221; animation_intensity_slide=&#8221;10%&#8221; use_border_color=&#8221;off&#8221; border_color=&#8221;#ffffff&#8221; border_style=&#8221;solid&#8221; animation=&#8221;left&#8221; sticky=&#8221;off&#8221; always_center_on_mobile=&#8221;on&#8221; global_colors_info=&#8221;{}&#8221;][\/et_pb_image][\/et_pb_column][\/et_pb_row][\/et_pb_section]<\/p>\n","protected":false},"excerpt":{"rendered":"<p>D\u00e9crivez-nous votre besoin\n                <form method=\"post\" action=\"#sellsy-message\" id=\"form_contact\" class=\"form_contact_1\">\n                        <input type=\"hidden\" id=\"_wpnonce_sellsy_contact_add\" name=\"_wpnonce_sellsy_contact_add\" value=\"3bda18bc85\" \/><input type=\"hidden\" name=\"_wp_http_referer\" value=\"\/en\/wp-json\/wp\/v2\/pages\/1378\" \/>\n                    <noscript>\n                        <input name=\"js_disabled\" type=\"hidden\" value=\"1\">\n                    <\/noscript>\n                    <input type=\"hidden\" name=\"contact_form_id\" value=\"1\">\n                        <label>Nom *<\/label>\n                        <input type=\"text\" name=\"contact_form_contact_lastname\" value=\"\" id=\"contact_form_contact_lastname\" required>\n                        <label>Email *<\/label>\n                        <input type=\"email\" name=\"contact_form_contact_email\" value=\"\" id=\"contact_form_contact_email\" required>\n                        <label>T\u00e9l\u00e9phone <\/label>\n                        <input type=\"text\" name=\"contact_form_contact_phone_1\" value=\"\" id=\"contact_form_contact_phone_1\">\n                        <p class=\"contact_form_contact_phone_1_error sellsy-error-message sellsy-hidden\">\n                            Votre t\u00e9l\u00e9phone n\u2019est pas valide.\n                        <\/p>\n                    <a href=\"javascript:;\" id=\"sellsy_btn_contact\" class=\"btn\">\ud83d\ude80 ENVOYER<\/a>\n                <\/form>Vous recherchez des prospects quantitatifs\u00a0? Vous recherchez des leads de qualit\u00e9 ? \u00cates-vous \u00e0 la recherche de leads exclusifs ? Remplissez simplement le formulaire de contact ci-dessous, et donnez-nous un maximum d&#8217;informations, nous nous occupons du reste et nous vous rappelons !!<\/p>\n","protected":false},"author":1,"featured_media":0,"parent":0,"menu_order":0,"comment_status":"closed","ping_status":"closed","template":"","meta":{"_et_pb_use_builder":"on","_et_pb_old_content":"","_et_gb_content_width":""},"yoast_head":"<!-- This site is optimized with the Yoast SEO plugin v19.8 - https:\/\/yoast.com\/wordpress\/plugins\/seo\/ -->\n<title>Lead - Le Bon Call<\/title>\n<meta name=\"robots\" content=\"index, follow, max-snippet:-1, max-image-preview:large, max-video-preview:-1\" \/>\n<link rel=\"canonical\" href=\"https:\/\/leboncall.com\/lead\" \/>\n<meta property=\"og:locale\" content=\"en_US\" \/>\n<meta property=\"og:type\" content=\"article\" \/>\n<meta property=\"og:title\" content=\"Lead - Le Bon Call\" \/>\n<meta property=\"og:description\" content=\"D\u00e9crivez-nous votre besoinVous recherchez des prospects quantitatifs\u00a0? Vous recherchez des leads de qualit\u00e9 ? \u00cates-vous \u00e0 la recherche de leads exclusifs ? Remplissez simplement le formulaire de contact ci-dessous, et donnez-nous un maximum d&#039;informations, nous nous occupons du reste et nous vous rappelons !!\" \/>\n<meta property=\"og:url\" content=\"https:\/\/leboncall.com\/lead\" \/>\n<meta property=\"og:site_name\" content=\"Le Bon Call\" \/>\n<meta property=\"article:publisher\" content=\"https:\/\/www.facebook.com\/CALL-United-1574215429547409\/\" \/>\n<meta property=\"article:modified_time\" content=\"2023-09-07T09:37:34+00:00\" \/>\n<meta name=\"twitter:card\" content=\"summary_large_image\" \/>\n<meta name=\"twitter:label1\" content=\"Est. reading time\" \/>\n\t<meta name=\"twitter:data1\" content=\"1 minute\" \/>\n<script type=\"application\/ld+json\" class=\"yoast-schema-graph\">{\"@context\":\"https:\/\/schema.org\",\"@graph\":[{\"@type\":\"WebPage\",\"@id\":\"https:\/\/leboncall.com\/lead\",\"url\":\"https:\/\/leboncall.com\/lead\",\"name\":\"Lead - Le Bon Call\",\"isPartOf\":{\"@id\":\"https:\/\/leboncall.com\/#website\"},\"datePublished\":\"2019-01-30T15:04:01+00:00\",\"dateModified\":\"2023-09-07T09:37:34+00:00\",\"breadcrumb\":{\"@id\":\"https:\/\/leboncall.com\/lead#breadcrumb\"},\"inLanguage\":\"en-US\",\"potentialAction\":[{\"@type\":\"ReadAction\",\"target\":[\"https:\/\/leboncall.com\/lead\"]}]},{\"@type\":\"BreadcrumbList\",\"@id\":\"https:\/\/leboncall.com\/lead#breadcrumb\",\"itemListElement\":[{\"@type\":\"ListItem\",\"position\":1,\"name\":\"Accueil\",\"item\":\"https:\/\/leboncall.com\/\"},{\"@type\":\"ListItem\",\"position\":2,\"name\":\"Lead\"}]},{\"@type\":\"WebSite\",\"@id\":\"https:\/\/leboncall.com\/#website\",\"url\":\"https:\/\/leboncall.com\/\",\"name\":\"Le Bon Call\",\"description\":\"\",\"publisher\":{\"@id\":\"https:\/\/leboncall.com\/#organization\"},\"potentialAction\":[{\"@type\":\"SearchAction\",\"target\":{\"@type\":\"EntryPoint\",\"urlTemplate\":\"https:\/\/leboncall.com\/?s={search_term_string}\"},\"query-input\":\"required name=search_term_string\"}],\"inLanguage\":\"en-US\"},{\"@type\":\"Organization\",\"@id\":\"https:\/\/leboncall.com\/#organization\",\"name\":\"Call united - call center francophone\",\"url\":\"https:\/\/leboncall.com\/\",\"sameAs\":[\"https:\/\/www.youtube.com\/channel\/UCk3KAkBcDVdoDa6AhTtnkpw\",\"https:\/\/www.facebook.com\/CALL-United-1574215429547409\/\"],\"logo\":{\"@type\":\"ImageObject\",\"inLanguage\":\"en-US\",\"@id\":\"https:\/\/leboncall.com\/#\/schema\/logo\/image\/\",\"url\":\"https:\/\/leboncall.com\/wp-content\/uploads\/2016\/08\/image1.jpg\",\"contentUrl\":\"https:\/\/leboncall.com\/wp-content\/uploads\/2016\/08\/image1.jpg\",\"width\":1600,\"height\":600,\"caption\":\"Call united - call center francophone\"},\"image\":{\"@id\":\"https:\/\/leboncall.com\/#\/schema\/logo\/image\/\"}}]}<\/script>\n<!-- \/ Yoast SEO plugin. -->","yoast_head_json":{"title":"Lead - Le Bon Call","robots":{"index":"index","follow":"follow","max-snippet":"max-snippet:-1","max-image-preview":"max-image-preview:large","max-video-preview":"max-video-preview:-1"},"canonical":"https:\/\/leboncall.com\/lead","og_locale":"en_US","og_type":"article","og_title":"Lead - Le Bon Call","og_description":"D\u00e9crivez-nous votre besoinVous recherchez des prospects quantitatifs\u00a0? Vous recherchez des leads de qualit\u00e9 ? \u00cates-vous \u00e0 la recherche de leads exclusifs ? Remplissez simplement le formulaire de contact ci-dessous, et donnez-nous un maximum d'informations, nous nous occupons du reste et nous vous rappelons !!","og_url":"https:\/\/leboncall.com\/lead","og_site_name":"Le Bon Call","article_publisher":"https:\/\/www.facebook.com\/CALL-United-1574215429547409\/","article_modified_time":"2023-09-07T09:37:34+00:00","twitter_card":"summary_large_image","twitter_misc":{"Est. reading time":"1 minute"},"schema":{"@context":"https:\/\/schema.org","@graph":[{"@type":"WebPage","@id":"https:\/\/leboncall.com\/lead","url":"https:\/\/leboncall.com\/lead","name":"Lead - Le Bon Call","isPartOf":{"@id":"https:\/\/leboncall.com\/#website"},"datePublished":"2019-01-30T15:04:01+00:00","dateModified":"2023-09-07T09:37:34+00:00","breadcrumb":{"@id":"https:\/\/leboncall.com\/lead#breadcrumb"},"inLanguage":"en-US","potentialAction":[{"@type":"ReadAction","target":["https:\/\/leboncall.com\/lead"]}]},{"@type":"BreadcrumbList","@id":"https:\/\/leboncall.com\/lead#breadcrumb","itemListElement":[{"@type":"ListItem","position":1,"name":"Accueil","item":"https:\/\/leboncall.com\/"},{"@type":"ListItem","position":2,"name":"Lead"}]},{"@type":"WebSite","@id":"https:\/\/leboncall.com\/#website","url":"https:\/\/leboncall.com\/","name":"Le Bon Call","description":"","publisher":{"@id":"https:\/\/leboncall.com\/#organization"},"potentialAction":[{"@type":"SearchAction","target":{"@type":"EntryPoint","urlTemplate":"https:\/\/leboncall.com\/?s={search_term_string}"},"query-input":"required name=search_term_string"}],"inLanguage":"en-US"},{"@type":"Organization","@id":"https:\/\/leboncall.com\/#organization","name":"Call united - call center francophone","url":"https:\/\/leboncall.com\/","sameAs":["https:\/\/www.youtube.com\/channel\/UCk3KAkBcDVdoDa6AhTtnkpw","https:\/\/www.facebook.com\/CALL-United-1574215429547409\/"],"logo":{"@type":"ImageObject","inLanguage":"en-US","@id":"https:\/\/leboncall.com\/#\/schema\/logo\/image\/","url":"https:\/\/leboncall.com\/wp-content\/uploads\/2016\/08\/image1.jpg","contentUrl":"https:\/\/leboncall.com\/wp-content\/uploads\/2016\/08\/image1.jpg","width":1600,"height":600,"caption":"Call united - call center francophone"},"image":{"@id":"https:\/\/leboncall.com\/#\/schema\/logo\/image\/"}}]}},"_links":{"self":[{"href":"https:\/\/leboncall.com\/en\/wp-json\/wp\/v2\/pages\/1378"}],"collection":[{"href":"https:\/\/leboncall.com\/en\/wp-json\/wp\/v2\/pages"}],"about":[{"href":"https:\/\/leboncall.com\/en\/wp-json\/wp\/v2\/types\/page"}],"author":[{"embeddable":true,"href":"https:\/\/leboncall.com\/en\/wp-json\/wp\/v2\/users\/1"}],"replies":[{"embeddable":true,"href":"https:\/\/leboncall.com\/en\/wp-json\/wp\/v2\/comments?post=1378"}],"version-history":[{"count":34,"href":"https:\/\/leboncall.com\/en\/wp-json\/wp\/v2\/pages\/1378\/revisions"}],"predecessor-version":[{"id":3042,"href":"https:\/\/leboncall.com\/en\/wp-json\/wp\/v2\/pages\/1378\/revisions\/3042"}],"wp:attachment":[{"href":"https:\/\/leboncall.com\/en\/wp-json\/wp\/v2\/media?parent=1378"}],"curies":[{"name":"wp","href":"https:\/\/api.w.org\/{rel}","templated":true}]}}