{"id":129,"date":"2016-08-25T11:02:34","date_gmt":"2016-08-25T11:02:34","guid":{"rendered":"http:\/\/leboncall.com\/?page_id=129"},"modified":"2017-07-10T14:28:27","modified_gmt":"2017-07-10T14:28:27","slug":"nos-valeurs","status":"publish","type":"page","link":"https:\/\/leboncall.com\/en\/nos-valeurs","title":{"rendered":"Nos valeurs"},"content":{"rendered":"<p>[et_pb_section admin_label=&#8221;section&#8221; fullwidth=&#8221;off&#8221; specialty=&#8221;off&#8221;][et_pb_row admin_label=&#8221;Ligne&#8221;][et_pb_column type=&#8221;1_2&#8243;][et_pb_team_member admin_label=&#8221;Personne&#8221; name=&#8221;Transparence&#8221; image_url=&#8221;https:\/\/leboncall.com\/wp-content\/uploads\/2016\/08\/control-center-1054460_960_720.jpg&#8221; animation=&#8221;off&#8221; background_layout=&#8221;light&#8221; use_border_color=&#8221;off&#8221; border_color=&#8221;#ffffff&#8221; border_style=&#8221;solid&#8221;]<\/p>\n<p>Nos outils vous permettront de visualiser l&#8217;activit\u00e9 des agents d\u00e9di\u00e9s \u00e0 votre op\u00e9ration en temps r\u00e9el.<\/p>\n<p>[\/et_pb_team_member][\/et_pb_column][et_pb_column type=&#8221;1_2&#8243;][et_pb_team_member admin_label=&#8221;Personne&#8221; name=&#8221;Adaptation &#8221; image_url=&#8221;https:\/\/leboncall.com\/wp-content\/uploads\/2016\/08\/control-center-1054460_960_720.jpg&#8221; animation=&#8221;off&#8221; background_layout=&#8221;light&#8221; use_border_color=&#8221;off&#8221; border_color=&#8221;#ffffff&#8221; border_style=&#8221;solid&#8221;]<\/p>\n<p>Call-United vous offre la flexibilit\u00e9 dans vos campagnes t\u00e9l\u00e9marketing : Horaires modulables, affectation des ressources en fonction de vos besoins&#8230;<\/p>\n<p>[\/et_pb_team_member][\/et_pb_column][\/et_pb_row][et_pb_row admin_label=&#8221;Ligne&#8221;][et_pb_column type=&#8221;4_4&#8243;][et_pb_text admin_label=&#8221;Texte&#8221; background_layout=&#8221;light&#8221; text_orientation=&#8221;left&#8221; use_border_color=&#8221;off&#8221; border_color=&#8221;#ffffff&#8221; border_style=&#8221;solid&#8221;]<\/p>\n<p style=\"text-align: center;\">Pour \u00eatre un bon call il faut avoir des valeurs , le TAFE , notre r\u00e9f\u00e9rence !<br \/>\nLes Valeurs de Call United : T A F E<\/p>\n<p>[\/et_pb_text][\/et_pb_column][\/et_pb_row][et_pb_row admin_label=&#8221;Ligne&#8221;][et_pb_column type=&#8221;1_2&#8243;][et_pb_team_member admin_label=&#8221;Personne&#8221; name=&#8221;Transparence&#8221; image_url=&#8221;https:\/\/leboncall.com\/wp-content\/uploads\/2016\/08\/control-center-1054460_960_720.jpg&#8221; animation=&#8221;off&#8221; background_layout=&#8221;light&#8221; use_border_color=&#8221;off&#8221; border_color=&#8221;#ffffff&#8221; border_style=&#8221;solid&#8221;]<\/p>\n<p>Nos outils vous permettront de visualiser l&#8217;activit\u00e9 des agents d\u00e9di\u00e9s \u00e0 votre op\u00e9ration en temps r\u00e9el.<\/p>\n<p>[\/et_pb_team_member][\/et_pb_column][et_pb_column type=&#8221;1_2&#8243;][et_pb_team_member admin_label=&#8221;Personne&#8221; name=&#8221;Adaptation &#8221; image_url=&#8221;https:\/\/leboncall.com\/wp-content\/uploads\/2016\/08\/control-center-1054460_960_720.jpg&#8221; animation=&#8221;off&#8221; background_layout=&#8221;light&#8221; use_border_color=&#8221;off&#8221; border_color=&#8221;#ffffff&#8221; border_style=&#8221;solid&#8221;]<\/p>\n<p>Call-United vous offre la flexibilit\u00e9 dans vos campagnes t\u00e9l\u00e9marketing : Horaires modulables, affectation des ressources en fonction de vos besoins&#8230;<\/p>\n<p>[\/et_pb_team_member][\/et_pb_column][\/et_pb_row][\/et_pb_section]<\/p>\n","protected":false},"excerpt":{"rendered":"<p>Nos outils vous permettront de visualiser l&#8217;activit\u00e9 des agents d\u00e9di\u00e9s \u00e0 votre op\u00e9ration en temps r\u00e9el. Call-United vous offre la flexibilit\u00e9 dans vos campagnes t\u00e9l\u00e9marketing : Horaires modulables, affectation des ressources en fonction de vos besoins&#8230; Pour \u00eatre un bon call il faut avoir des valeurs , le TAFE , notre r\u00e9f\u00e9rence ! Les Valeurs [&hellip;]<\/p>\n","protected":false},"author":1,"featured_media":0,"parent":0,"menu_order":0,"comment_status":"closed","ping_status":"closed","template":"","meta":{"_et_pb_use_builder":"on","_et_pb_old_content":"","_et_gb_content_width":""},"yoast_head":"<!-- This site is optimized with the Yoast SEO plugin v19.8 - https:\/\/yoast.com\/wordpress\/plugins\/seo\/ -->\n<title>Nos valeurs - Le Bon Call<\/title>\n<meta name=\"robots\" content=\"index, follow, max-snippet:-1, max-image-preview:large, max-video-preview:-1\" \/>\n<link rel=\"canonical\" href=\"https:\/\/leboncall.com\/nos-valeurs\" \/>\n<meta property=\"og:locale\" content=\"en_US\" \/>\n<meta property=\"og:type\" content=\"article\" \/>\n<meta property=\"og:title\" content=\"Nos valeurs - Le Bon Call\" \/>\n<meta property=\"og:description\" content=\"Nos outils vous permettront de visualiser l&#039;activit\u00e9 des agents d\u00e9di\u00e9s \u00e0 votre op\u00e9ration en temps r\u00e9el. Call-United vous offre la flexibilit\u00e9 dans vos campagnes t\u00e9l\u00e9marketing : Horaires modulables, affectation des ressources en fonction de vos besoins... Pour \u00eatre un bon call il faut avoir des valeurs , le TAFE , notre r\u00e9f\u00e9rence ! Les Valeurs [&hellip;]\" \/>\n<meta property=\"og:url\" content=\"https:\/\/leboncall.com\/nos-valeurs\" \/>\n<meta property=\"og:site_name\" content=\"Le Bon Call\" \/>\n<meta property=\"article:publisher\" content=\"https:\/\/www.facebook.com\/CALL-United-1574215429547409\/\" \/>\n<meta property=\"article:modified_time\" content=\"2017-07-10T14:28:27+00:00\" \/>\n<meta name=\"twitter:card\" content=\"summary_large_image\" \/>\n<meta name=\"twitter:label1\" content=\"Est. reading time\" \/>\n\t<meta name=\"twitter:data1\" content=\"2 minutes\" \/>\n<script type=\"application\/ld+json\" class=\"yoast-schema-graph\">{\"@context\":\"https:\/\/schema.org\",\"@graph\":[{\"@type\":\"WebPage\",\"@id\":\"https:\/\/leboncall.com\/nos-valeurs\",\"url\":\"https:\/\/leboncall.com\/nos-valeurs\",\"name\":\"Nos valeurs - Le Bon Call\",\"isPartOf\":{\"@id\":\"https:\/\/leboncall.com\/#website\"},\"datePublished\":\"2016-08-25T11:02:34+00:00\",\"dateModified\":\"2017-07-10T14:28:27+00:00\",\"breadcrumb\":{\"@id\":\"https:\/\/leboncall.com\/nos-valeurs#breadcrumb\"},\"inLanguage\":\"en-US\",\"potentialAction\":[{\"@type\":\"ReadAction\",\"target\":[\"https:\/\/leboncall.com\/nos-valeurs\"]}]},{\"@type\":\"BreadcrumbList\",\"@id\":\"https:\/\/leboncall.com\/nos-valeurs#breadcrumb\",\"itemListElement\":[{\"@type\":\"ListItem\",\"position\":1,\"name\":\"Accueil\",\"item\":\"https:\/\/leboncall.com\/\"},{\"@type\":\"ListItem\",\"position\":2,\"name\":\"Nos valeurs\"}]},{\"@type\":\"WebSite\",\"@id\":\"https:\/\/leboncall.com\/#website\",\"url\":\"https:\/\/leboncall.com\/\",\"name\":\"Le Bon Call\",\"description\":\"\",\"publisher\":{\"@id\":\"https:\/\/leboncall.com\/#organization\"},\"potentialAction\":[{\"@type\":\"SearchAction\",\"target\":{\"@type\":\"EntryPoint\",\"urlTemplate\":\"https:\/\/leboncall.com\/?s={search_term_string}\"},\"query-input\":\"required name=search_term_string\"}],\"inLanguage\":\"en-US\"},{\"@type\":\"Organization\",\"@id\":\"https:\/\/leboncall.com\/#organization\",\"name\":\"Call united - call center francophone\",\"url\":\"https:\/\/leboncall.com\/\",\"sameAs\":[\"https:\/\/www.youtube.com\/channel\/UCk3KAkBcDVdoDa6AhTtnkpw\",\"https:\/\/www.facebook.com\/CALL-United-1574215429547409\/\"],\"logo\":{\"@type\":\"ImageObject\",\"inLanguage\":\"en-US\",\"@id\":\"https:\/\/leboncall.com\/#\/schema\/logo\/image\/\",\"url\":\"https:\/\/leboncall.com\/wp-content\/uploads\/2016\/08\/image1.jpg\",\"contentUrl\":\"https:\/\/leboncall.com\/wp-content\/uploads\/2016\/08\/image1.jpg\",\"width\":1600,\"height\":600,\"caption\":\"Call united - call center francophone\"},\"image\":{\"@id\":\"https:\/\/leboncall.com\/#\/schema\/logo\/image\/\"}}]}<\/script>\n<!-- \/ Yoast SEO plugin. -->","yoast_head_json":{"title":"Nos valeurs - Le Bon Call","robots":{"index":"index","follow":"follow","max-snippet":"max-snippet:-1","max-image-preview":"max-image-preview:large","max-video-preview":"max-video-preview:-1"},"canonical":"https:\/\/leboncall.com\/nos-valeurs","og_locale":"en_US","og_type":"article","og_title":"Nos valeurs - Le Bon Call","og_description":"Nos outils vous permettront de visualiser l'activit\u00e9 des agents d\u00e9di\u00e9s \u00e0 votre op\u00e9ration en temps r\u00e9el. Call-United vous offre la flexibilit\u00e9 dans vos campagnes t\u00e9l\u00e9marketing : Horaires modulables, affectation des ressources en fonction de vos besoins... Pour \u00eatre un bon call il faut avoir des valeurs , le TAFE , notre r\u00e9f\u00e9rence ! Les Valeurs [&hellip;]","og_url":"https:\/\/leboncall.com\/nos-valeurs","og_site_name":"Le Bon Call","article_publisher":"https:\/\/www.facebook.com\/CALL-United-1574215429547409\/","article_modified_time":"2017-07-10T14:28:27+00:00","twitter_card":"summary_large_image","twitter_misc":{"Est. reading time":"2 minutes"},"schema":{"@context":"https:\/\/schema.org","@graph":[{"@type":"WebPage","@id":"https:\/\/leboncall.com\/nos-valeurs","url":"https:\/\/leboncall.com\/nos-valeurs","name":"Nos valeurs - Le Bon Call","isPartOf":{"@id":"https:\/\/leboncall.com\/#website"},"datePublished":"2016-08-25T11:02:34+00:00","dateModified":"2017-07-10T14:28:27+00:00","breadcrumb":{"@id":"https:\/\/leboncall.com\/nos-valeurs#breadcrumb"},"inLanguage":"en-US","potentialAction":[{"@type":"ReadAction","target":["https:\/\/leboncall.com\/nos-valeurs"]}]},{"@type":"BreadcrumbList","@id":"https:\/\/leboncall.com\/nos-valeurs#breadcrumb","itemListElement":[{"@type":"ListItem","position":1,"name":"Accueil","item":"https:\/\/leboncall.com\/"},{"@type":"ListItem","position":2,"name":"Nos valeurs"}]},{"@type":"WebSite","@id":"https:\/\/leboncall.com\/#website","url":"https:\/\/leboncall.com\/","name":"Le Bon Call","description":"","publisher":{"@id":"https:\/\/leboncall.com\/#organization"},"potentialAction":[{"@type":"SearchAction","target":{"@type":"EntryPoint","urlTemplate":"https:\/\/leboncall.com\/?s={search_term_string}"},"query-input":"required name=search_term_string"}],"inLanguage":"en-US"},{"@type":"Organization","@id":"https:\/\/leboncall.com\/#organization","name":"Call united - call center francophone","url":"https:\/\/leboncall.com\/","sameAs":["https:\/\/www.youtube.com\/channel\/UCk3KAkBcDVdoDa6AhTtnkpw","https:\/\/www.facebook.com\/CALL-United-1574215429547409\/"],"logo":{"@type":"ImageObject","inLanguage":"en-US","@id":"https:\/\/leboncall.com\/#\/schema\/logo\/image\/","url":"https:\/\/leboncall.com\/wp-content\/uploads\/2016\/08\/image1.jpg","contentUrl":"https:\/\/leboncall.com\/wp-content\/uploads\/2016\/08\/image1.jpg","width":1600,"height":600,"caption":"Call united - call center francophone"},"image":{"@id":"https:\/\/leboncall.com\/#\/schema\/logo\/image\/"}}]}},"_links":{"self":[{"href":"https:\/\/leboncall.com\/en\/wp-json\/wp\/v2\/pages\/129"}],"collection":[{"href":"https:\/\/leboncall.com\/en\/wp-json\/wp\/v2\/pages"}],"about":[{"href":"https:\/\/leboncall.com\/en\/wp-json\/wp\/v2\/types\/page"}],"author":[{"embeddable":true,"href":"https:\/\/leboncall.com\/en\/wp-json\/wp\/v2\/users\/1"}],"replies":[{"embeddable":true,"href":"https:\/\/leboncall.com\/en\/wp-json\/wp\/v2\/comments?post=129"}],"version-history":[{"count":6,"href":"https:\/\/leboncall.com\/en\/wp-json\/wp\/v2\/pages\/129\/revisions"}],"predecessor-version":[{"id":136,"href":"https:\/\/leboncall.com\/en\/wp-json\/wp\/v2\/pages\/129\/revisions\/136"}],"wp:attachment":[{"href":"https:\/\/leboncall.com\/en\/wp-json\/wp\/v2\/media?parent=129"}],"curies":[{"name":"wp","href":"https:\/\/api.w.org\/{rel}","templated":true}]}}